{"id":1482,"date":"2022-03-08T14:33:02","date_gmt":"2022-03-08T14:33:02","guid":{"rendered":"https:\/\/www.bellochcampus.com\/politica-de-cookies\/"},"modified":"2022-05-02T12:51:23","modified_gmt":"2022-05-02T12:51:23","slug":"politique-de-cookies","status":"publish","type":"page","link":"https:\/\/www.bellochcampus.com\/fr\/politique-de-cookies\/","title":{"rendered":"Politique de cookies"},"content":{"rendered":"<p>Dans cette Politique de cookies, vous trouverez des informations sur l&#8217;utilisation que nous faisons des cookies et des dispositifs similaires install\u00e9s dans les terminaux de nos clients et utilisateurs. Parfois, l&#8217;utilisation de cookies peut \u00eatre li\u00e9e au traitement des donn\u00e9es personnelles\u00a0; ainsi, nous vous recommandons de consulter notre <u>Politique de confidentialit\u00e9<\/u>, accessible sur notre site Web, si vous souhaitez des informations sur la fa\u00e7on dont nous utilisons les donn\u00e9es personnelles de nos clients et utilisateurs et comment exercer vos droits.<\/p>\n<p>&nbsp;<\/p>\n<h3><strong>1. <\/strong><strong>Que sont les cookies?<\/strong><\/h3>\n<p>Les cookies et autres technologies similaires telles que les objets locaux partag\u00e9s, les cookies flash ou les pixels sont des outils utilis\u00e9s par les serveurs Web pour stocker et r\u00e9cup\u00e9rer des informations sur leurs visiteurs, ainsi que pour offrir un fonctionnement correct du site.<\/p>\n<p>Gr\u00e2ce \u00e0 l&#8217;utilisation de ces dispositifs, le serveur Web est autoris\u00e9 \u00e0 se souvenir de certaines donn\u00e9es concernant l&#8217;utilisateur, telles que ses pr\u00e9f\u00e9rences pour afficher les pages de ce serveur, son nom et son mot de passe, les produits qui l&#8217;int\u00e9ressent le plus, etc.<\/p>\n<p>Les utilisations sp\u00e9cifiques que nous faisons de ces technologies sont d\u00e9crites ci-dessous.<\/p>\n<h3><strong>\u00a0<\/strong><\/h3>\n<h3><strong>2. <\/strong><strong>Quels types de cookies sont utilis\u00e9s sur notre site Web?<\/strong><\/h3>\n<p>Nous utilisons nos propres cookies et ceux de tiers pour vous garantir une meilleure exp\u00e9rience de navigation et pour obtenir des statistiques sur les utilisateurs.<\/p>\n<ul>\n<li>Les cookies techniques sont ceux strictement n\u00e9cessaires et qui nous permettent de vous offrir une meilleure exp\u00e9rience et d&#8217;ex\u00e9cuter certaines fonctions essentielles au bon fonctionnement et \u00e0 l&#8217;affichage de notre site Web. Les cookies utilis\u00e9s sont, dans tous les cas, temporaires, dans le seul but de rendre la navigation plus efficace. Et ils disparaissent \u00e0 la fin de votre session utilisateur. En aucun cas ces cookies fournissent eux-m\u00eames des donn\u00e9es personnelles et ne seront pas utilis\u00e9s pour les collecter.<\/li>\n<li>Cookies d&#8217;analyse\u00a0: ils nous permettent de mesurer l&#8217;audience, les param\u00e8tres de trafic, de contr\u00f4ler la progression et le nombre d&#8217;entr\u00e9es, etc., s\u2019agissant dans ces cas de cookies techniquement dispensables quoique b\u00e9n\u00e9fiques pour vous en tant qu&#8217;utilisateur. Notre site Web n&#8217;installera pas de cookies inutiles sans votre consentement pr\u00e9alable. Les cookies utilis\u00e9s seront conserv\u00e9s pendant une dur\u00e9e d&#8217;un an.<\/li>\n<li>Cookies publicitaires\u00a0: nous les utilisons comme un outil d&#8217;analyse qui nous aide \u00e0 mesurer l&#8217;efficacit\u00e9 de notre publicit\u00e9, en pr\u00e9parant des rapports sur les actions que les personnes entreprennent lorsqu&#8217;elles visitent notre site Web. Ces cookies seront conserv\u00e9s pendant une dur\u00e9e de 3 mois.<\/li>\n<\/ul>\n<p>&nbsp;<\/p>\n<h3><strong>3. <\/strong><strong>Comment puis-je g\u00e9rer l&#8217;utilisation des cookies sur ce site Web?<\/strong><\/h3>\n<p>Dans le panneau de configuration des cookies accessible \u00e0 tout moment sur notre site Web, vous pouvez obtenir toutes les informations sur les cookies utilis\u00e9s par ce site Web, ainsi que des informations sur la finalit\u00e9, la dur\u00e9e et la gestion (propre ou par des tiers) de chacun d&#8217;eux, de sorte que vous pouvez g\u00e9rer l&#8217;activation et la d\u00e9sactivation de l&#8217;utilisation de ces cookies qui ne sont pas strictement n\u00e9cessaires au fonctionnement du Web. Alternativement, si vous naviguez sur Internet, vous pouvez d\u00e9sactiver l&#8217;utilisation de cookies dans votre navigateur. Nous vous montrons comment le faire dans les navigateurs les plus populaires\u00a0:<\/p>\n<p>&nbsp;<\/p>\n<ul>\n<li><a href=\"https:\/\/support.google.com\/chrome\/answer\/95647?hl=es\">Chrome<\/a><\/li>\n<li><a href=\"https:\/\/support.microsoft.com\/es-es\/topic\/eliminar-y-administrar-cookies-168dab11-0753-043d-7c16-ede5947fc64d\">Internet Explorer<\/a><\/li>\n<li><a href=\"https:\/\/support.mozilla.org\/es\/kb\/habilitar-y-deshabilitar-cookies-sitios-web-rastrear-preferencias\">Mozilla Firefox<\/a><\/li>\n<li><a href=\"https:\/\/support.apple.com\/es-es\/HT201265\">Safari<\/a><\/li>\n<\/ul>\n<p>&nbsp;<\/p>\n<p>Vous pouvez \u00e9viter l&#8217;utilisation de cookies \u00e0 tout moment.<\/p>\n<p>&nbsp;<\/p>\n<h3><strong>4. <\/strong><strong>Qui utilise les informations stock\u00e9es dans les cookies\u00a0?<\/strong><\/h3>\n<p>Les informations stock\u00e9es dans les cookies sur notre site Web sont utilis\u00e9es exclusivement par nous, \u00e0 l&#8217;exception des cookies tiers, qui sont utilis\u00e9s et g\u00e9r\u00e9s par des entit\u00e9s externes pour nous fournir des services visant \u00e0 am\u00e9liorer nos services et l&#8217;exp\u00e9rience utilisateur lors de la navigation sur notre site Web. Vous pouvez trouver plus d&#8217;informations dans le panneau de configuration des cookies accessible \u00e0 tout moment sur notre site Web. Pour obtenir des informations plus d\u00e9taill\u00e9es sur le traitement de vos donn\u00e9es personnelles dans le cadre de notre collaboration avec des tiers et celles faisant l&#8217;objet de transferts internationaux de donn\u00e9es, nous vous recommandons de lire notre Politique de confidentialit\u00e9 accessible sur notre site Internet.<\/p>\n<p>&nbsp;<\/p>\n","protected":false},"excerpt":{"rendered":"<p>Dans cette Politique de cookies, vous trouverez des informations sur l&#8217;utilisation que nous faisons des cookies et des dispositifs similaires install\u00e9s dans les terminaux de nos clients et utilisateurs. Parfois, l&#8217;utilisation de cookies peut \u00eatre li\u00e9e au traitement des donn\u00e9es personnelles\u00a0; ainsi, nous vous recommandons de consulter notre Politique de confidentialit\u00e9, accessible sur notre site [&hellip;]<\/p>\n","protected":false},"author":7,"featured_media":0,"parent":0,"menu_order":0,"comment_status":"closed","ping_status":"closed","template":"","meta":{"footnotes":""},"class_list":["post-1482","page","type-page","status-publish","hentry"],"yoast_head":"<!-- This site is optimized with the Yoast SEO plugin v24.8.1 - https:\/\/yoast.com\/wordpress\/plugins\/seo\/ -->\n<title>Politique de cookies | Belloch Campus<\/title>\n<meta name=\"description\" content=\"Belloch Campus, situado a s\u00f3lo 30 minutos de Barcelona, ofrece un espacio privilegiado para las reuniones corporativas.\" \/>\n<meta name=\"robots\" content=\"noindex, nofollow\" \/>\n<meta property=\"og:locale\" content=\"fr_FR\" \/>\n<meta property=\"og:type\" content=\"article\" \/>\n<meta property=\"og:title\" content=\"Politique de cookies | Belloch Campus\" \/>\n<meta property=\"og:description\" content=\"Belloch Campus, situado a s\u00f3lo 30 minutos de Barcelona, ofrece un espacio privilegiado para las reuniones corporativas.\" \/>\n<meta property=\"og:url\" content=\"https:\/\/www.bellochcampus.com\/fr\/politique-de-cookies\/\" \/>\n<meta property=\"og:site_name\" content=\"Belloch Campus\" \/>\n<meta property=\"article:modified_time\" content=\"2022-05-02T12:51:23+00:00\" \/>\n<meta name=\"twitter:card\" content=\"summary_large_image\" \/>\n<meta name=\"twitter:label1\" content=\"Est. reading time\" \/>\n\t<meta name=\"twitter:data1\" content=\"4 minutes\" \/>\n<script type=\"application\/ld+json\" class=\"yoast-schema-graph\">{\"@context\":\"https:\/\/schema.org\",\"@graph\":[{\"@type\":\"WebPage\",\"@id\":\"https:\/\/www.bellochcampus.com\/fr\/politique-de-cookies\/\",\"url\":\"https:\/\/www.bellochcampus.com\/fr\/politique-de-cookies\/\",\"name\":\"Politique de cookies | Belloch Campus\",\"isPartOf\":{\"@id\":\"https:\/\/www.bellochcampus.com\/fr\/#website\"},\"datePublished\":\"2022-03-08T14:33:02+00:00\",\"dateModified\":\"2022-05-02T12:51:23+00:00\",\"description\":\"Belloch Campus, situado a s\u00f3lo 30 minutos de Barcelona, ofrece un espacio privilegiado para las reuniones corporativas.\",\"breadcrumb\":{\"@id\":\"https:\/\/www.bellochcampus.com\/fr\/politique-de-cookies\/#breadcrumb\"},\"inLanguage\":\"fr-FR\",\"potentialAction\":[{\"@type\":\"ReadAction\",\"target\":[\"https:\/\/www.bellochcampus.com\/fr\/politique-de-cookies\/\"]}]},{\"@type\":\"BreadcrumbList\",\"@id\":\"https:\/\/www.bellochcampus.com\/fr\/politique-de-cookies\/#breadcrumb\",\"itemListElement\":[{\"@type\":\"ListItem\",\"position\":1,\"name\":\"Home\",\"item\":\"https:\/\/www.bellochcampus.com\/fr\/\"},{\"@type\":\"ListItem\",\"position\":2,\"name\":\"Politique de cookies\"}]},{\"@type\":\"WebSite\",\"@id\":\"https:\/\/www.bellochcampus.com\/fr\/#website\",\"url\":\"https:\/\/www.bellochcampus.com\/fr\/\",\"name\":\"Belloch Campus\",\"description\":\"Situado a s\u00f3lo 30 minutos de Barcelona, ofrece un espacio privilegiado para las reuniones corporativas y la transmisi\u00f3n de conocimiento\",\"publisher\":{\"@id\":\"https:\/\/www.bellochcampus.com\/fr\/#organization\"},\"potentialAction\":[{\"@type\":\"SearchAction\",\"target\":{\"@type\":\"EntryPoint\",\"urlTemplate\":\"https:\/\/www.bellochcampus.com\/fr\/?s={search_term_string}\"},\"query-input\":{\"@type\":\"PropertyValueSpecification\",\"valueRequired\":true,\"valueName\":\"search_term_string\"}}],\"inLanguage\":\"fr-FR\"},{\"@type\":\"Organization\",\"@id\":\"https:\/\/www.bellochcampus.com\/fr\/#organization\",\"name\":\"Belloch Campus\",\"url\":\"https:\/\/www.bellochcampus.com\/fr\/\",\"logo\":{\"@type\":\"ImageObject\",\"inLanguage\":\"fr-FR\",\"@id\":\"https:\/\/www.bellochcampus.com\/fr\/#\/schema\/logo\/image\/\",\"url\":\"https:\/\/www.bellochcampus.com\/wp-content\/uploads\/2022\/03\/cropped-logo-campus-belloch-n.png\",\"contentUrl\":\"https:\/\/www.bellochcampus.com\/wp-content\/uploads\/2022\/03\/cropped-logo-campus-belloch-n.png\",\"width\":337,\"height\":54,\"caption\":\"Belloch Campus\"},\"image\":{\"@id\":\"https:\/\/www.bellochcampus.com\/fr\/#\/schema\/logo\/image\/\"}}]}<\/script>\n<!-- \/ Yoast SEO plugin. -->","yoast_head_json":{"title":"Politique de cookies | Belloch Campus","description":"Belloch Campus, situado a s\u00f3lo 30 minutos de Barcelona, ofrece un espacio privilegiado para las reuniones corporativas.","robots":{"index":"noindex","follow":"nofollow"},"og_locale":"fr_FR","og_type":"article","og_title":"Politique de cookies | Belloch Campus","og_description":"Belloch Campus, situado a s\u00f3lo 30 minutos de Barcelona, ofrece un espacio privilegiado para las reuniones corporativas.","og_url":"https:\/\/www.bellochcampus.com\/fr\/politique-de-cookies\/","og_site_name":"Belloch Campus","article_modified_time":"2022-05-02T12:51:23+00:00","twitter_card":"summary_large_image","twitter_misc":{"Est. reading time":"4 minutes"},"schema":{"@context":"https:\/\/schema.org","@graph":[{"@type":"WebPage","@id":"https:\/\/www.bellochcampus.com\/fr\/politique-de-cookies\/","url":"https:\/\/www.bellochcampus.com\/fr\/politique-de-cookies\/","name":"Politique de cookies | Belloch Campus","isPartOf":{"@id":"https:\/\/www.bellochcampus.com\/fr\/#website"},"datePublished":"2022-03-08T14:33:02+00:00","dateModified":"2022-05-02T12:51:23+00:00","description":"Belloch Campus, situado a s\u00f3lo 30 minutos de Barcelona, ofrece un espacio privilegiado para las reuniones corporativas.","breadcrumb":{"@id":"https:\/\/www.bellochcampus.com\/fr\/politique-de-cookies\/#breadcrumb"},"inLanguage":"fr-FR","potentialAction":[{"@type":"ReadAction","target":["https:\/\/www.bellochcampus.com\/fr\/politique-de-cookies\/"]}]},{"@type":"BreadcrumbList","@id":"https:\/\/www.bellochcampus.com\/fr\/politique-de-cookies\/#breadcrumb","itemListElement":[{"@type":"ListItem","position":1,"name":"Home","item":"https:\/\/www.bellochcampus.com\/fr\/"},{"@type":"ListItem","position":2,"name":"Politique de cookies"}]},{"@type":"WebSite","@id":"https:\/\/www.bellochcampus.com\/fr\/#website","url":"https:\/\/www.bellochcampus.com\/fr\/","name":"Belloch Campus","description":"Situado a s\u00f3lo 30 minutos de Barcelona, ofrece un espacio privilegiado para las reuniones corporativas y la transmisi\u00f3n de conocimiento","publisher":{"@id":"https:\/\/www.bellochcampus.com\/fr\/#organization"},"potentialAction":[{"@type":"SearchAction","target":{"@type":"EntryPoint","urlTemplate":"https:\/\/www.bellochcampus.com\/fr\/?s={search_term_string}"},"query-input":{"@type":"PropertyValueSpecification","valueRequired":true,"valueName":"search_term_string"}}],"inLanguage":"fr-FR"},{"@type":"Organization","@id":"https:\/\/www.bellochcampus.com\/fr\/#organization","name":"Belloch Campus","url":"https:\/\/www.bellochcampus.com\/fr\/","logo":{"@type":"ImageObject","inLanguage":"fr-FR","@id":"https:\/\/www.bellochcampus.com\/fr\/#\/schema\/logo\/image\/","url":"https:\/\/www.bellochcampus.com\/wp-content\/uploads\/2022\/03\/cropped-logo-campus-belloch-n.png","contentUrl":"https:\/\/www.bellochcampus.com\/wp-content\/uploads\/2022\/03\/cropped-logo-campus-belloch-n.png","width":337,"height":54,"caption":"Belloch Campus"},"image":{"@id":"https:\/\/www.bellochcampus.com\/fr\/#\/schema\/logo\/image\/"}}]}},"_links":{"self":[{"href":"https:\/\/www.bellochcampus.com\/fr\/wp-json\/wp\/v2\/pages\/1482","targetHints":{"allow":["GET"]}}],"collection":[{"href":"https:\/\/www.bellochcampus.com\/fr\/wp-json\/wp\/v2\/pages"}],"about":[{"href":"https:\/\/www.bellochcampus.com\/fr\/wp-json\/wp\/v2\/types\/page"}],"author":[{"embeddable":true,"href":"https:\/\/www.bellochcampus.com\/fr\/wp-json\/wp\/v2\/users\/7"}],"replies":[{"embeddable":true,"href":"https:\/\/www.bellochcampus.com\/fr\/wp-json\/wp\/v2\/comments?post=1482"}],"version-history":[{"count":2,"href":"https:\/\/www.bellochcampus.com\/fr\/wp-json\/wp\/v2\/pages\/1482\/revisions"}],"predecessor-version":[{"id":2025,"href":"https:\/\/www.bellochcampus.com\/fr\/wp-json\/wp\/v2\/pages\/1482\/revisions\/2025"}],"wp:attachment":[{"href":"https:\/\/www.bellochcampus.com\/fr\/wp-json\/wp\/v2\/media?parent=1482"}],"curies":[{"name":"wp","href":"https:\/\/api.w.org\/{rel}","templated":true}]}}