{"id":1480,"date":"2022-03-08T14:33:18","date_gmt":"2022-03-08T14:33:18","guid":{"rendered":"https:\/\/www.bellochcampus.com\/aviso-legal\/"},"modified":"2022-05-02T11:59:19","modified_gmt":"2022-05-02T11:59:19","slug":"mention-legale","status":"publish","type":"page","link":"https:\/\/www.bellochcampus.com\/fr\/mention-legale\/","title":{"rendered":"Mention l\u00e9gale"},"content":{"rendered":"<p>Ce document (ainsi que tous les documents qui y sont mentionn\u00e9s) \u00e9tablit les conditions d&#8217;utilisation de ce site (<a href=\"http:\/\/www.bellochcampus.com\">www.bellochcampus.com<\/a>) (ci-apr\u00e8s, le \u00ab\u00a0site\u00a0\u00bb ou la \u00ab\u00a0Plateforme\u00a0\u00bb) que Belloch Campus met \u00e0 disposition des internautes.<\/p>\n<p>Nous vous demandons de lire attentivement ces Conditions, notre Politique de cookies et notre Politique de confidentialit\u00e9 avant d&#8217;utiliser la Plateforme. Vous devez respecter toutes les r\u00e8gles qui r\u00e9gissent l&#8217;utilisation de la Plateforme. Si vous n&#8217;acceptez pas toutes les Conditions, vous ne devez pas utiliser la Plateforme. Toute personne qui acc\u00e8de \u00e0 ce site Web assume le r\u00f4le d&#8217;utilisateur et s\u2019engage \u00e0 l\u2019observance et au strict respect des dispositions \u00e9nonc\u00e9es dans les pr\u00e9sentes ainsi que de toute autre disposition l\u00e9gale qui pourrait \u00eatre applicable.<\/p>\n<h3 style=\"margin-top: 40px;\"><strong>1. Donn\u00e9es d&#8217;identification<\/strong><\/h3>\n<ul>\n<li>Nom de domaine\u00a0: <a href=\"http:\/\/www.bellochcampus.com\">bellochcampus.com<\/a><\/li>\n<li>Nom commercial\u00a0: Belloch Campus<\/li>\n<li>Raison sociale\u00a0: PARC DE BELLOCH, S.L.<\/li>\n<li>NIF: B63183529<\/li>\n<li>Si\u00e8ge social\u00a0: Ctra. C-251 km. 5,6 08430 La Roca<\/li>\n<li>T\u00e9l\u00e9phone\u00a0: +34 938 61 91 00<\/li>\n<li>E-mail\u00a0: <a href=\"mailto:info@bellochcampus.com\">info@bellochcampus.com<\/a><\/li>\n<li>Enregistr\u00e9 au Registro (Mercantil\/P\u00fablico) [<em>registre (commercial \/ public)<\/em>]\u00a0: Barcelone, volume 35549, folio 123, page B-271718, I\/A 1<\/li>\n<\/ul>\n<p>&nbsp;<\/p>\n<h3><strong>2. Utilisation de notre plateforme<\/strong><\/h3>\n<p>L&#8217;utilisation de la Plateforme, y compris le simple acc\u00e8s, conf\u00e8re la condition d&#8217;utilisateur et implique l&#8217;acceptation pleine et sans r\u00e9serve de toutes les stipulations de la pr\u00e9sente Mention L\u00e9gale en vigueur au moment de l&#8217;acc\u00e8s. Par cons\u00e9quent, l&#8217;utilisateur doit lire la mention l\u00e9gale chaque fois qu&#8217;il utilise le portail. L&#8217;utilisateur est conscient et accepte volontairement et express\u00e9ment que l&#8217;utilisation du portail se fait dans tous les cas sous sa seule responsabilit\u00e9.<\/p>\n<p>Belloch Campus se r\u00e9serve le droit de modifier \u00e0 tout moment et sans pr\u00e9avis le contenu de la Plateforme, sa Mention et sa Politique de confidentialit\u00e9 ou toute autre condition ou texte qui pourrait \u00eatre applicable.<\/p>\n<h3><strong>3. Droits de propri\u00e9t\u00e9 intellectuelle et industrielle<\/strong><\/h3>\n<p>Le site Web, y compris, mais sans s&#8217;y limiter, sa programmation, son \u00e9dition, sa compilation et les autres \u00e9l\u00e9ments n\u00e9cessaires \u00e0 son fonctionnement, les dessins, les logos, textes et \/ ou les graphiques, sont la propri\u00e9t\u00e9 de Belloch Campus ou, le cas \u00e9ch\u00e9ant, il dispose d&#8217;une licence ou autorisation expresse des auteurs. Tous les contenus de notre site Internet sont d\u00fbment prot\u00e9g\u00e9s par les r\u00e9glementations en mati\u00e8re de propri\u00e9t\u00e9 intellectuelle et industrielle, et sont inscrits dans les registres publics correspondants. Quelle que soit la finalit\u00e9 pour laquelle ils ont \u00e9t\u00e9 destin\u00e9s, la reproduction totale ou partielle, l&#8217;utilisation, l&#8217;exploitation, la distribution et la commercialisation n\u00e9cessitent dans tous les cas une autorisation \u00e9crite pr\u00e9alable de Belloch Campus. Toute utilisation non autoris\u00e9e ant\u00e9rieurement est consid\u00e9r\u00e9e comme une violation grave des droits de propri\u00e9t\u00e9 intellectuelle ou industrielle de l&#8217;auteur.<\/p>\n<p>Les dessins, logos, textes et \/ ou graphiques \u00e9trangers \u00e0 Belloch Campus et susceptibles d&#8217;appara\u00eetre sur notre site Internet appartiennent \u00e0 leurs propri\u00e9taires respectifs, eux-m\u00eames responsables de toute controverse \u00e9ventuelle pouvant survenir \u00e0 leur sujet. Belloch Campus autorise express\u00e9ment les tiers \u00e0 rediriger directement vers le contenu sp\u00e9cifique du site, et en tout cas \u00e0 rediriger vers le site principal de <a href=\"http:\/\/www.bellochcampus.com\">www.bellochcampus.com<\/a>.<\/p>\n<p>Belloch Campus reconna\u00eet en faveur de ses propri\u00e9taires les droits de propri\u00e9t\u00e9 intellectuelle et industrielle correspondants, leur simple mention ou apparition sur le web n&#8217;impliquant pas l&#8217;existence de droits ou de responsabilit\u00e9 \u00e0 leur encontre, ni l&#8217;approbation, le parrainage ou la recommandation de ces derniers.<\/p>\n<p>Pour effectuer tout type d&#8217;observation concernant d&#8217;\u00e9ventuelles violations des droits de propri\u00e9t\u00e9 intellectuelle ou industrielle, ainsi que de tout contenu du site Web, vous pouvez le faire via l&#8217;email <a href=\"mailto:info@bellochcampus.com\">info@bellochcampus.com<\/a>.<\/p>\n<h3><strong>4. Politique de liens<\/strong><\/h3>\n<p>\u00c0 partir du site Web, vous pouvez \u00eatre redirig\u00e9 vers des contenus de sites Web tiers. \u00c9tant donn\u00e9 que Belloch Campus ne peut pas toujours contr\u00f4ler le contenu publi\u00e9 par des tiers sur leurs sites Web respectifs, elle n&#8217;assume donc aucune responsabilit\u00e9 pour ces contenus. Dans tous les cas, nous proc\u00e9derons au retrait imm\u00e9diat de tout contenu qui pourrait contrevenir \u00e0 la l\u00e9gislation nationale ou internationale, aux bonnes m\u0153urs ou \u00e0 l&#8217;ordre public, ainsi qu\u2019au retrait imm\u00e9diat de la redirection vers ledit site, et nous informerons les autorit\u00e9s comp\u00e9tentes du contenu en question.<\/p>\n<p>Belloch Campus n&#8217;est pas responsable des informations et du contenu stock\u00e9s, \u00e0 titre d&#8217;exemple, mais sans s&#8217;y limiter, dans les forums, chats, g\u00e9n\u00e9rateurs de blogs, commentaires, r\u00e9seaux sociaux ou tout autre moyen permettant \u00e0 des tiers de publier du contenu de mani\u00e8re ind\u00e9pendante sur le site Web de Belloch Campus. Cependant, et conform\u00e9ment aux dispositions des articles 11 et 16 de la LSSICE, il est mis \u00e0 la disposition de tous les utilisateurs, autorit\u00e9s et forces de s\u00e9curit\u00e9, collaborant activement au retrait ou, le cas \u00e9ch\u00e9ant, au blocage de tous les contenus susceptibles d&#8217;affecter ou de contrevenir la l\u00e9gislation nationale ou internationale, les droits des tiers ou la moralit\u00e9 et l&#8217;ordre public. Si vous consid\u00e9rez qu&#8217;il y a un contenu sur notre site qui pourrait \u00eatre soumis \u00e0 cette classification, \u00e9crivez-nous \u00e0 <a href=\"mailto:info@bellochcampus.com\">info@bellochcampus.com<\/a>.<\/p>\n<p>Notre site Web a \u00e9t\u00e9 revu et test\u00e9 pour qu&#8217;il fonctionne correctement. En principe, un fonctionnement correct peut \u00eatre garanti 365 jours par an, 24 heures par jour. Cependant, nous n&#8217;excluons pas la possibilit\u00e9 qu&#8217;il y ait certaines erreurs de programmation, ou que des cas de force majeure, des catastrophes naturelles, des gr\u00e8ves ou des circonstances similaires puissent se produire et rendre l&#8217;acc\u00e8s \u00e0 notre site Web impossible.<\/p>\n<h3><strong>5. Virus, piratage et autres attaques informatiques<\/strong><\/h3>\n<p>Vous ne devez pas utiliser \u00e0 mauvais escient la Plateforme en introduisant intentionnellement des virus, troyens, vers, bombes logiques ou tout autre programme ou mat\u00e9riel technologiquement nuisible ou malfaisant. Vous n&#8217;essaierez pas d&#8217;avoir un acc\u00e8s non autoris\u00e9 \u00e0 la Plateforme, au serveur o\u00f9 ladite page est h\u00e9berg\u00e9e ou \u00e0 tout serveur, ordinateur ou base de donn\u00e9es li\u00e9 \u00e0 la Plateforme. Vous acceptez de ne pas attaquer la Plateforme via une attaque par d\u00e9ni de service ou une attaque par d\u00e9ni de service distribu\u00e9. Le non-respect de cette clause pourrait entra\u00eener la commission d&#8217;infractions caract\u00e9ris\u00e9es par la r\u00e9glementation applicable. Nous signalerons toute infraction \u00e0 ces r\u00e9glementations aux autorit\u00e9s comp\u00e9tentes et nous coop\u00e9rerons avec elles pour d\u00e9couvrir l&#8217;identit\u00e9 de l&#8217;attaquant. De m\u00eame, en cas de violation de cette clause, vous cesserez imm\u00e9diatement d&#8217;\u00eatre autoris\u00e9 \u00e0 utiliser la Plateforme. Nous ne serons pas responsables de tout dommage ou perte r\u00e9sultant d&#8217;une attaque par d\u00e9ni de service, d&#8217;un virus ou de tout autre programme ou mat\u00e9riel technologiquement nuisible ou malfaisant qui pourrait affecter votre ordinateur, votre \u00e9quipement informatique, vos donn\u00e9es ou votre mat\u00e9riel \u00e0 la suite de l&#8217;utilisation de la Plateforme ou de t\u00e9l\u00e9charger du contenu \u00e0 partir de celle-ci ou vers ceux qu\u2019elle redirige.<\/p>\n<h3><strong>6. Clause de non-responsabilit\u00e9<\/strong><\/h3>\n<p>Belloch Campus est exon\u00e9r\u00e9 de tout type de responsabilit\u00e9 d\u00e9coulant des informations publi\u00e9es sur notre site Web chaque fois que ces informations ont \u00e9t\u00e9 manipul\u00e9es ou introduites par un tiers ext\u00e9rieur \u00e0 l&#8217;organisation.<\/p>\n<h3><strong>7. Protection des donn\u00e9es<\/strong><\/h3>\n<p>Vous pouvez acc\u00e9der aux informations d\u00e9taill\u00e9es concernant le traitement des donn\u00e9es personnelles Belloch Campus effectue sur les utilisateurs en visitant notre <u>Politique de confidentialit\u00e9<\/u>.<\/p>\n<h3><strong>8. Loi applicable et juridiction<\/strong><\/h3>\n<p>Pour la r\u00e9solution de toutes les controverses ou probl\u00e8mes li\u00e9s au site de Belloch Campus ou aux activit\u00e9s qui y sont men\u00e9es, la l\u00e9gislation espagnole sera applicable, \u00e0 laquelle les parties se soumettent express\u00e9ment, \u00e9tant comp\u00e9tents pour r\u00e9soudre tous les conflits d\u00e9riv\u00e9s ou li\u00e9s \u00e0 son utilisation les cours et tribunaux les plus proches \u00e0 LA ROCA DEL VALL\u00c8S.<\/p>\n<p>&nbsp;<\/p>\n","protected":false},"excerpt":{"rendered":"<p>Ce document (ainsi que tous les documents qui y sont mentionn\u00e9s) \u00e9tablit les conditions d&#8217;utilisation de ce site (www.bellochcampus.com) (ci-apr\u00e8s, le \u00ab\u00a0site\u00a0\u00bb ou la \u00ab\u00a0Plateforme\u00a0\u00bb) que Belloch Campus met \u00e0 disposition des internautes. Nous vous demandons de lire attentivement ces Conditions, notre Politique de cookies et notre Politique de confidentialit\u00e9 avant d&#8217;utiliser la Plateforme. Vous [&hellip;]<\/p>\n","protected":false},"author":7,"featured_media":0,"parent":0,"menu_order":0,"comment_status":"closed","ping_status":"closed","template":"","meta":{"footnotes":""},"class_list":["post-1480","page","type-page","status-publish","hentry"],"yoast_head":"<!-- This site is optimized with the Yoast SEO plugin v24.8.1 - https:\/\/yoast.com\/wordpress\/plugins\/seo\/ -->\n<title>Mention l\u00e9gale | Belloch Campus<\/title>\n<meta name=\"description\" content=\"Belloch Campus, situado a s\u00f3lo 30 minutos de Barcelona, ofrece un espacio privilegiado para las reuniones corporativas.\" \/>\n<meta name=\"robots\" content=\"noindex, nofollow\" \/>\n<meta property=\"og:locale\" content=\"fr_FR\" \/>\n<meta property=\"og:type\" content=\"article\" \/>\n<meta property=\"og:title\" content=\"Mention l\u00e9gale | Belloch Campus\" \/>\n<meta property=\"og:description\" content=\"Belloch Campus, situado a s\u00f3lo 30 minutos de Barcelona, ofrece un espacio privilegiado para las reuniones corporativas.\" \/>\n<meta property=\"og:url\" content=\"https:\/\/www.bellochcampus.com\/fr\/mention-legale\/\" \/>\n<meta property=\"og:site_name\" content=\"Belloch Campus\" \/>\n<meta property=\"article:modified_time\" content=\"2022-05-02T11:59:19+00:00\" \/>\n<meta name=\"twitter:card\" content=\"summary_large_image\" \/>\n<meta name=\"twitter:label1\" content=\"Est. reading time\" \/>\n\t<meta name=\"twitter:data1\" content=\"6 minutes\" \/>\n<script type=\"application\/ld+json\" class=\"yoast-schema-graph\">{\"@context\":\"https:\/\/schema.org\",\"@graph\":[{\"@type\":\"WebPage\",\"@id\":\"https:\/\/www.bellochcampus.com\/fr\/mention-legale\/\",\"url\":\"https:\/\/www.bellochcampus.com\/fr\/mention-legale\/\",\"name\":\"Mention l\u00e9gale | Belloch Campus\",\"isPartOf\":{\"@id\":\"https:\/\/www.bellochcampus.com\/fr\/#website\"},\"datePublished\":\"2022-03-08T14:33:18+00:00\",\"dateModified\":\"2022-05-02T11:59:19+00:00\",\"description\":\"Belloch Campus, situado a s\u00f3lo 30 minutos de Barcelona, ofrece un espacio privilegiado para las reuniones corporativas.\",\"breadcrumb\":{\"@id\":\"https:\/\/www.bellochcampus.com\/fr\/mention-legale\/#breadcrumb\"},\"inLanguage\":\"fr-FR\",\"potentialAction\":[{\"@type\":\"ReadAction\",\"target\":[\"https:\/\/www.bellochcampus.com\/fr\/mention-legale\/\"]}]},{\"@type\":\"BreadcrumbList\",\"@id\":\"https:\/\/www.bellochcampus.com\/fr\/mention-legale\/#breadcrumb\",\"itemListElement\":[{\"@type\":\"ListItem\",\"position\":1,\"name\":\"Home\",\"item\":\"https:\/\/www.bellochcampus.com\/fr\/\"},{\"@type\":\"ListItem\",\"position\":2,\"name\":\"Mention l\u00e9gale\"}]},{\"@type\":\"WebSite\",\"@id\":\"https:\/\/www.bellochcampus.com\/fr\/#website\",\"url\":\"https:\/\/www.bellochcampus.com\/fr\/\",\"name\":\"Belloch Campus\",\"description\":\"Situado a s\u00f3lo 30 minutos de Barcelona, ofrece un espacio privilegiado para las reuniones corporativas y la transmisi\u00f3n de conocimiento\",\"publisher\":{\"@id\":\"https:\/\/www.bellochcampus.com\/fr\/#organization\"},\"potentialAction\":[{\"@type\":\"SearchAction\",\"target\":{\"@type\":\"EntryPoint\",\"urlTemplate\":\"https:\/\/www.bellochcampus.com\/fr\/?s={search_term_string}\"},\"query-input\":{\"@type\":\"PropertyValueSpecification\",\"valueRequired\":true,\"valueName\":\"search_term_string\"}}],\"inLanguage\":\"fr-FR\"},{\"@type\":\"Organization\",\"@id\":\"https:\/\/www.bellochcampus.com\/fr\/#organization\",\"name\":\"Belloch Campus\",\"url\":\"https:\/\/www.bellochcampus.com\/fr\/\",\"logo\":{\"@type\":\"ImageObject\",\"inLanguage\":\"fr-FR\",\"@id\":\"https:\/\/www.bellochcampus.com\/fr\/#\/schema\/logo\/image\/\",\"url\":\"https:\/\/www.bellochcampus.com\/wp-content\/uploads\/2022\/03\/cropped-logo-campus-belloch-n.png\",\"contentUrl\":\"https:\/\/www.bellochcampus.com\/wp-content\/uploads\/2022\/03\/cropped-logo-campus-belloch-n.png\",\"width\":337,\"height\":54,\"caption\":\"Belloch Campus\"},\"image\":{\"@id\":\"https:\/\/www.bellochcampus.com\/fr\/#\/schema\/logo\/image\/\"}}]}<\/script>\n<!-- \/ Yoast SEO plugin. -->","yoast_head_json":{"title":"Mention l\u00e9gale | Belloch Campus","description":"Belloch Campus, situado a s\u00f3lo 30 minutos de Barcelona, ofrece un espacio privilegiado para las reuniones corporativas.","robots":{"index":"noindex","follow":"nofollow"},"og_locale":"fr_FR","og_type":"article","og_title":"Mention l\u00e9gale | Belloch Campus","og_description":"Belloch Campus, situado a s\u00f3lo 30 minutos de Barcelona, ofrece un espacio privilegiado para las reuniones corporativas.","og_url":"https:\/\/www.bellochcampus.com\/fr\/mention-legale\/","og_site_name":"Belloch Campus","article_modified_time":"2022-05-02T11:59:19+00:00","twitter_card":"summary_large_image","twitter_misc":{"Est. reading time":"6 minutes"},"schema":{"@context":"https:\/\/schema.org","@graph":[{"@type":"WebPage","@id":"https:\/\/www.bellochcampus.com\/fr\/mention-legale\/","url":"https:\/\/www.bellochcampus.com\/fr\/mention-legale\/","name":"Mention l\u00e9gale | Belloch Campus","isPartOf":{"@id":"https:\/\/www.bellochcampus.com\/fr\/#website"},"datePublished":"2022-03-08T14:33:18+00:00","dateModified":"2022-05-02T11:59:19+00:00","description":"Belloch Campus, situado a s\u00f3lo 30 minutos de Barcelona, ofrece un espacio privilegiado para las reuniones corporativas.","breadcrumb":{"@id":"https:\/\/www.bellochcampus.com\/fr\/mention-legale\/#breadcrumb"},"inLanguage":"fr-FR","potentialAction":[{"@type":"ReadAction","target":["https:\/\/www.bellochcampus.com\/fr\/mention-legale\/"]}]},{"@type":"BreadcrumbList","@id":"https:\/\/www.bellochcampus.com\/fr\/mention-legale\/#breadcrumb","itemListElement":[{"@type":"ListItem","position":1,"name":"Home","item":"https:\/\/www.bellochcampus.com\/fr\/"},{"@type":"ListItem","position":2,"name":"Mention l\u00e9gale"}]},{"@type":"WebSite","@id":"https:\/\/www.bellochcampus.com\/fr\/#website","url":"https:\/\/www.bellochcampus.com\/fr\/","name":"Belloch Campus","description":"Situado a s\u00f3lo 30 minutos de Barcelona, ofrece un espacio privilegiado para las reuniones corporativas y la transmisi\u00f3n de conocimiento","publisher":{"@id":"https:\/\/www.bellochcampus.com\/fr\/#organization"},"potentialAction":[{"@type":"SearchAction","target":{"@type":"EntryPoint","urlTemplate":"https:\/\/www.bellochcampus.com\/fr\/?s={search_term_string}"},"query-input":{"@type":"PropertyValueSpecification","valueRequired":true,"valueName":"search_term_string"}}],"inLanguage":"fr-FR"},{"@type":"Organization","@id":"https:\/\/www.bellochcampus.com\/fr\/#organization","name":"Belloch Campus","url":"https:\/\/www.bellochcampus.com\/fr\/","logo":{"@type":"ImageObject","inLanguage":"fr-FR","@id":"https:\/\/www.bellochcampus.com\/fr\/#\/schema\/logo\/image\/","url":"https:\/\/www.bellochcampus.com\/wp-content\/uploads\/2022\/03\/cropped-logo-campus-belloch-n.png","contentUrl":"https:\/\/www.bellochcampus.com\/wp-content\/uploads\/2022\/03\/cropped-logo-campus-belloch-n.png","width":337,"height":54,"caption":"Belloch Campus"},"image":{"@id":"https:\/\/www.bellochcampus.com\/fr\/#\/schema\/logo\/image\/"}}]}},"_links":{"self":[{"href":"https:\/\/www.bellochcampus.com\/fr\/wp-json\/wp\/v2\/pages\/1480","targetHints":{"allow":["GET"]}}],"collection":[{"href":"https:\/\/www.bellochcampus.com\/fr\/wp-json\/wp\/v2\/pages"}],"about":[{"href":"https:\/\/www.bellochcampus.com\/fr\/wp-json\/wp\/v2\/types\/page"}],"author":[{"embeddable":true,"href":"https:\/\/www.bellochcampus.com\/fr\/wp-json\/wp\/v2\/users\/7"}],"replies":[{"embeddable":true,"href":"https:\/\/www.bellochcampus.com\/fr\/wp-json\/wp\/v2\/comments?post=1480"}],"version-history":[{"count":4,"href":"https:\/\/www.bellochcampus.com\/fr\/wp-json\/wp\/v2\/pages\/1480\/revisions"}],"predecessor-version":[{"id":2017,"href":"https:\/\/www.bellochcampus.com\/fr\/wp-json\/wp\/v2\/pages\/1480\/revisions\/2017"}],"wp:attachment":[{"href":"https:\/\/www.bellochcampus.com\/fr\/wp-json\/wp\/v2\/media?parent=1480"}],"curies":[{"name":"wp","href":"https:\/\/api.w.org\/{rel}","templated":true}]}}