{"id":110,"date":"2022-03-08T14:33:18","date_gmt":"2022-03-08T14:33:18","guid":{"rendered":"http:\/\/localhost\/belloch-campus\/?page_id=110"},"modified":"2022-04-29T09:52:35","modified_gmt":"2022-04-29T09:52:35","slug":"aviso-legal","status":"publish","type":"page","link":"https:\/\/www.bellochcampus.com\/es\/aviso-legal\/","title":{"rendered":"Aviso legal"},"content":{"rendered":"<p>El presente documento (juntamente con todos los documentos en \u00e9l mencionados) establece las condiciones por las que se rige el uso de esta p\u00e1gina web () (en adelante, la \u201cweb\u201d o la \u201cPlataforma\u201d) que Belloch Campus pone a disposici\u00f3n de los usuarios de Internet.<\/p>\n<p>Te rogamos que leas atentamente las presentes Condiciones, nuestra Pol\u00edtica de Cookies y nuestra Pol\u00edtica de Privacidad antes de usar la Plataforma. Debes respetar todas aquellas normas que regulan el uso de la Plataforma. Si no est\u00e1s de acuerdo con todas las Condiciones, no debes usar la Plataforma. Toda persona que acceda a este sitio web asume el papel de usuario, comprometi\u00e9ndose a la observancia y cumplimiento riguroso de las disposiciones aqu\u00ed dispuestas, as\u00ed como a cualquier otra disposici\u00f3n legal que fuera de aplicaci\u00f3n.<\/p>\n<h3 style=\"margin-top: 40px;\"><strong>1. Datos identificativos<\/strong><\/h3>\n<ul>\n<li>Nombre del dominio: <a href=\"http:\/\/www.bellochcampus.com\">bellochcampus.com<\/a><\/li>\n<li>Nombre comercial: Belloch Campus<\/li>\n<li>Denominaci\u00f3n social: PARC DE BELLOCH, S.L.<\/li>\n<li>NIF: B63183529<\/li>\n<li>Domicilio social: Ctra. C-251 km. 5,6 08430 La Roca<\/li>\n<li>Tel\u00e9fono: +34\u00a0938 61 91 00<\/li>\n<li>e-mail: campus@bellochcampus.eu<\/li>\n<li>Inscrita en el Registro (Mercantil \/ P\u00fablico): Barcelona,\u00a0tomo\u00a035549,\u00a0folio 123, S 8 hoja B-271718, I\/A 1<\/li>\n<\/ul>\n<h3 style=\"margin-top: 40px;\"><strong>2. Uso de nuestra Plataforma<\/strong><\/h3>\n<p>La utilizaci\u00f3n de la Plataforma, incluyendo el mero acceso, concede la condici\u00f3n de usuario y supone la aceptaci\u00f3n plena y sin reservas de todas las estipulaciones de este Aviso Legal que se encuentren en vigor en el momento del acceso. En consecuencia, el usuario debe leer el Aviso Legal cada vez que utilice el Portal. El usuario es consciente y acepta voluntaria y expresamente que el uso del Portal se realiza en todo caso bajo su exclusiva responsabilidad.<\/p>\n<p>Belloch Campus se reserva el derecho de modificar en cualquier momento y sin previo aviso el contenido de la Plataforma, su Aviso y Pol\u00edtica de Privacidad o cualquier otra condici\u00f3n o texto que resulte de aplicaci\u00f3n.<\/p>\n<h3 style=\"margin-top: 40px;\"><strong>3. Derechos de propiedad intelectual e industrial<\/strong><\/h3>\n<p>El sitio web, incluyendo a t\u00edtulo enunciativo pero no limitativo su programaci\u00f3n, edici\u00f3n, compilaci\u00f3n y dem\u00e1s elementos necesarios para su funcionamiento, los dise\u00f1os, logotipos, texto y\/o gr\u00e1ficos, son propiedad de Belloch Campus o, si es el caso, dispone de licencia o autorizaci\u00f3n expresa por parte de los autores. Todos los contenidos de nuestra web se encuentran debidamente protegidos por la normativa de propiedad intelectual e industrial, as\u00ed como inscritos en los registros p\u00fablicos correspondientes. Independientemente de la finalidad para la que fueran destinados, la reproducci\u00f3n total o parcial, uso, explotaci\u00f3n, distribuci\u00f3n y comercializaci\u00f3n, requiere en todo caso de la autorizaci\u00f3n escrita previa por parte de Belloch Campus. Cualquier uso no autorizado previamente se considera un incumplimiento grave de los derechos de propiedad intelectual o industrial del autor.<\/p>\n<p>Los dise\u00f1os, logotipos, texto y\/o gr\u00e1ficos ajenos a Belloch Campus y que pudieran aparecer en nuestra web, pertenecen a sus respectivos propietarios, siendo ellos mismos responsables de cualquier posible controversia que pudiera suscitarse respecto a los mismos. Belloch Campus autoriza expresamente a que terceros puedan redirigir directamente a los contenidos concretos de la web, y en todo caso redirigir al sitio web principal de <a href=\"http:\/\/www.bellochcampus.com\">www.bellochcampus.com<\/a>.<\/p>\n<p>Belloch Campus reconoce a favor de sus titulares los correspondientes derechos de propiedad intelectual e industrial, no implicando su sola menci\u00f3n o aparici\u00f3n en la web la existencia de derechos o responsabilidad alguna sobre los mismos, como tampoco respaldo, patrocinio o recomendaci\u00f3n por parte de esta.<\/p>\n<p>Para realizar cualquier tipo de observaci\u00f3n respecto a posibles incumplimientos de los derechos de propiedad intelectual o industrial, as\u00ed como sobre cualquiera de los contenidos del sitio web, puedes hacerlo a trav\u00e9s del correo electr\u00f3nico <a href=\"mailto:info@bellochcampus.com\">info@bellochcampus.com<\/a>.<\/p>\n<h3 style=\"margin-top: 40px;\"><strong>4. Pol\u00edtica de enlaces<\/strong><\/h3>\n<p>Desde el sitio web, es posible que se redirija a contenidos de terceros sitios web de terceros. Dado que Belloch Campus no puede controlar siempre los contenidos introducidos por los terceros en sus respectivos sitios web, por ende, no se asume ning\u00fan tipo de responsabilidad respecto a dichos contenidos. En todo caso, procederemos a la retirada inmediata de cualquier contenido que pudiera contravenir la legislaci\u00f3n nacional o internacional, la moral o el orden p\u00fablico, procediendo a la retirada inmediata de la redirecci\u00f3n a dicho sitio web, y poniendo en conocimiento de las autoridades competentes el contenido en cuesti\u00f3n.<\/p>\n<p>Belloch Campus no se hace responsable de la informaci\u00f3n y contenidos almacenados, a t\u00edtulo enunciativo, pero no limitativo, en foros, chats, generadores de blogs, comentarios, redes sociales o cualquier otro medio que permita a terceros publicar contenidos de forma independiente en la p\u00e1gina web de Belloch Campus. Sin embargo, y en cumplimiento de lo dispuesto en los art\u00edculos 11 y 16 de la LSSICE, se pone a disposici\u00f3n de todos los usuarios, autoridades y fuerzas de seguridad, colaborando de forma activa en la retirada o, en su caso, bloqueo de todos aquellos contenidos que puedan afectar o contravenir la legislaci\u00f3n nacional o internacional, los derechos de terceros o la moral y el orden p\u00fablico. En caso de que consideres que existe en nuestra web alg\u00fan contenido que pudiera ser susceptible de esta clasificaci\u00f3n escr\u00edbenos a <a href=\"mailto:info@bellochcampus.com\">info@bellochcampus.com<\/a>.<\/p>\n<p>Nuestra web ha sido revisada y probada para que funcione correctamente. En principio, puede garantizarse el correcto funcionamiento los 365 d\u00edas del a\u00f1o, 24 horas al d\u00eda. Sin embargo, no descartamos la posibilidad de que existan ciertos errores de programaci\u00f3n, o que acontezcan causas de fuerza mayor, cat\u00e1strofes naturales, huelgas o circunstancias semejantes que hagan imposible el acceso a nuestra p\u00e1gina web.<\/p>\n<h3 style=\"margin-top: 40px;\"><strong>5. Virus, pirater\u00eda y otros ataques inform\u00e1ticos<\/strong><\/h3>\n<p>No debes realizar un uso indebido de la Plataforma mediante la introducci\u00f3n intencionada en la misma de virus, troyanos, gusanos, bombas l\u00f3gicas o cualquier otro programa o material tecnol\u00f3gicamente perjudicial o da\u00f1ino. No tratar\u00e1s de tener acceso no autorizado a la Plataforma, al servidor en que dicha p\u00e1gina se encuentra alojada o a cualquier servidor, ordenador o base de datos relacionada con la Plataforma. Te comprometes a no atacar la Plataforma a trav\u00e9s de un ataque de denegaci\u00f3n de servicio o de un ataque de denegaci\u00f3n de servicio distribuido. El incumplimiento de esta cl\u00e1usula podr\u00eda llevar aparejada la comisi\u00f3n de infracciones tipificadas por la normativa aplicable. Informaremos de cualquier incumplimiento de dicha normativa a las autoridades competentes y cooperaremos con ellas para descubrir la identidad del atacante. Asimismo, en caso de incumplimiento de la presente cl\u00e1usula, dejar\u00e1 inmediatamente de estar autorizado a usar la Plataforma. No seremos responsables de cualquier da\u00f1o o p\u00e9rdida resultante de un ataque de denegaci\u00f3n de servicio, virus o cualquier otro programa o material tecnol\u00f3gicamente perjudicial o da\u00f1ino que pueda afectar a tu ordenador, equipo inform\u00e1tico, datos o materiales como consecuencia del uso de la Plataforma o de la descarga de contenidos de la misma o a los que la misma redireccione.<\/p>\n<h3 style=\"margin-top: 40px;\"><strong>6. Exenci\u00f3n de responsabilidad<\/strong><\/h3>\n<p>Belloch Campus se exime de cualquier tipo de responsabilidad derivada de la informaci\u00f3n publicada en nuestra web siempre que esta informaci\u00f3n haya sido manipulada o introducida por un tercero ajeno a la organizaci\u00f3n.<\/p>\n<h3 style=\"margin-top: 40px;\"><strong>7. Protecci\u00f3n de datos<\/strong><\/h3>\n<p>Puede acceder a la informaci\u00f3n detallada respecto del tratamiento de los datos personales que Belloch Campus lleva a cabo de los usuarios visitando nuestra\u00a0<u>Pol\u00edtica de Privacidad<\/u>.<\/p>\n<h3 style=\"margin-top: 40px;\"><strong>8. Ley aplicable y jurisdicci\u00f3n<\/strong><\/h3>\n<p>Para la resoluci\u00f3n de todas las controversias o cuestiones relacionadas con la web de Belloch Campus o de las actividades en ella desarrolladas, ser\u00e1 de aplicaci\u00f3n la legislaci\u00f3n espa\u00f1ola, a la que se someten expresamente las partes, siendo competentes para la resoluci\u00f3n de todos los conflictos derivados o relacionados con su uso los Juzgados y Tribunales m\u00e1s cercanos a LA ROCA DEL VALL\u00c8S.<\/p>\n","protected":false},"excerpt":{"rendered":"<p>El presente documento (juntamente con todos los documentos en \u00e9l mencionados) establece las condiciones por las que se rige el uso de esta p\u00e1gina web () (en adelante, la \u201cweb\u201d o la \u201cPlataforma\u201d) que Belloch Campus pone a disposici\u00f3n de los usuarios de Internet. Te rogamos que leas atentamente las presentes Condiciones, nuestra Pol\u00edtica de [&hellip;]<\/p>\n","protected":false},"author":7,"featured_media":0,"parent":0,"menu_order":0,"comment_status":"closed","ping_status":"closed","template":"","meta":{"footnotes":""},"class_list":["post-110","page","type-page","status-publish","hentry"],"yoast_head":"<!-- This site is optimized with the Yoast SEO plugin v24.8.1 - https:\/\/yoast.com\/wordpress\/plugins\/seo\/ -->\n<title>Aviso legal | Belloch Campus<\/title>\n<meta name=\"description\" content=\"Belloch Campus, situado a s\u00f3lo 30 minutos de Barcelona, ofrece un espacio privilegiado para las reuniones corporativas.\" \/>\n<meta name=\"robots\" content=\"noindex, nofollow\" \/>\n<meta property=\"og:locale\" content=\"es_ES\" \/>\n<meta property=\"og:type\" content=\"article\" \/>\n<meta property=\"og:title\" content=\"Aviso legal | Belloch Campus\" \/>\n<meta property=\"og:description\" content=\"Belloch Campus, situado a s\u00f3lo 30 minutos de Barcelona, ofrece un espacio privilegiado para las reuniones corporativas.\" \/>\n<meta property=\"og:url\" content=\"https:\/\/www.bellochcampus.com\/es\/aviso-legal\/\" \/>\n<meta property=\"og:site_name\" content=\"Belloch Campus\" \/>\n<meta property=\"article:modified_time\" content=\"2022-04-29T09:52:35+00:00\" \/>\n<meta name=\"twitter:card\" content=\"summary_large_image\" \/>\n<meta name=\"twitter:label1\" content=\"Tiempo de lectura\" \/>\n\t<meta name=\"twitter:data1\" content=\"6 minutos\" \/>\n<script type=\"application\/ld+json\" class=\"yoast-schema-graph\">{\"@context\":\"https:\/\/schema.org\",\"@graph\":[{\"@type\":\"WebPage\",\"@id\":\"https:\/\/www.bellochcampus.com\/es\/aviso-legal\/\",\"url\":\"https:\/\/www.bellochcampus.com\/es\/aviso-legal\/\",\"name\":\"Aviso legal | Belloch Campus\",\"isPartOf\":{\"@id\":\"https:\/\/www.bellochcampus.com\/es\/#website\"},\"datePublished\":\"2022-03-08T14:33:18+00:00\",\"dateModified\":\"2022-04-29T09:52:35+00:00\",\"description\":\"Belloch Campus, situado a s\u00f3lo 30 minutos de Barcelona, ofrece un espacio privilegiado para las reuniones corporativas.\",\"breadcrumb\":{\"@id\":\"https:\/\/www.bellochcampus.com\/es\/aviso-legal\/#breadcrumb\"},\"inLanguage\":\"es\",\"potentialAction\":[{\"@type\":\"ReadAction\",\"target\":[\"https:\/\/www.bellochcampus.com\/es\/aviso-legal\/\"]}]},{\"@type\":\"BreadcrumbList\",\"@id\":\"https:\/\/www.bellochcampus.com\/es\/aviso-legal\/#breadcrumb\",\"itemListElement\":[{\"@type\":\"ListItem\",\"position\":1,\"name\":\"Home\",\"item\":\"https:\/\/www.bellochcampus.com\/es\/\"},{\"@type\":\"ListItem\",\"position\":2,\"name\":\"Aviso legal\"}]},{\"@type\":\"WebSite\",\"@id\":\"https:\/\/www.bellochcampus.com\/es\/#website\",\"url\":\"https:\/\/www.bellochcampus.com\/es\/\",\"name\":\"Belloch Campus\",\"description\":\"Situado a s\u00f3lo 30 minutos de Barcelona, ofrece un espacio privilegiado para las reuniones corporativas y la transmisi\u00f3n de conocimiento\",\"publisher\":{\"@id\":\"https:\/\/www.bellochcampus.com\/es\/#organization\"},\"potentialAction\":[{\"@type\":\"SearchAction\",\"target\":{\"@type\":\"EntryPoint\",\"urlTemplate\":\"https:\/\/www.bellochcampus.com\/es\/?s={search_term_string}\"},\"query-input\":{\"@type\":\"PropertyValueSpecification\",\"valueRequired\":true,\"valueName\":\"search_term_string\"}}],\"inLanguage\":\"es\"},{\"@type\":\"Organization\",\"@id\":\"https:\/\/www.bellochcampus.com\/es\/#organization\",\"name\":\"Belloch Campus\",\"url\":\"https:\/\/www.bellochcampus.com\/es\/\",\"logo\":{\"@type\":\"ImageObject\",\"inLanguage\":\"es\",\"@id\":\"https:\/\/www.bellochcampus.com\/es\/#\/schema\/logo\/image\/\",\"url\":\"https:\/\/www.bellochcampus.com\/wp-content\/uploads\/2022\/03\/cropped-logo-campus-belloch-n.png\",\"contentUrl\":\"https:\/\/www.bellochcampus.com\/wp-content\/uploads\/2022\/03\/cropped-logo-campus-belloch-n.png\",\"width\":337,\"height\":54,\"caption\":\"Belloch Campus\"},\"image\":{\"@id\":\"https:\/\/www.bellochcampus.com\/es\/#\/schema\/logo\/image\/\"}}]}<\/script>\n<!-- \/ Yoast SEO plugin. -->","yoast_head_json":{"title":"Aviso legal | Belloch Campus","description":"Belloch Campus, situado a s\u00f3lo 30 minutos de Barcelona, ofrece un espacio privilegiado para las reuniones corporativas.","robots":{"index":"noindex","follow":"nofollow"},"og_locale":"es_ES","og_type":"article","og_title":"Aviso legal | Belloch Campus","og_description":"Belloch Campus, situado a s\u00f3lo 30 minutos de Barcelona, ofrece un espacio privilegiado para las reuniones corporativas.","og_url":"https:\/\/www.bellochcampus.com\/es\/aviso-legal\/","og_site_name":"Belloch Campus","article_modified_time":"2022-04-29T09:52:35+00:00","twitter_card":"summary_large_image","twitter_misc":{"Tiempo de lectura":"6 minutos"},"schema":{"@context":"https:\/\/schema.org","@graph":[{"@type":"WebPage","@id":"https:\/\/www.bellochcampus.com\/es\/aviso-legal\/","url":"https:\/\/www.bellochcampus.com\/es\/aviso-legal\/","name":"Aviso legal | Belloch Campus","isPartOf":{"@id":"https:\/\/www.bellochcampus.com\/es\/#website"},"datePublished":"2022-03-08T14:33:18+00:00","dateModified":"2022-04-29T09:52:35+00:00","description":"Belloch Campus, situado a s\u00f3lo 30 minutos de Barcelona, ofrece un espacio privilegiado para las reuniones corporativas.","breadcrumb":{"@id":"https:\/\/www.bellochcampus.com\/es\/aviso-legal\/#breadcrumb"},"inLanguage":"es","potentialAction":[{"@type":"ReadAction","target":["https:\/\/www.bellochcampus.com\/es\/aviso-legal\/"]}]},{"@type":"BreadcrumbList","@id":"https:\/\/www.bellochcampus.com\/es\/aviso-legal\/#breadcrumb","itemListElement":[{"@type":"ListItem","position":1,"name":"Home","item":"https:\/\/www.bellochcampus.com\/es\/"},{"@type":"ListItem","position":2,"name":"Aviso legal"}]},{"@type":"WebSite","@id":"https:\/\/www.bellochcampus.com\/es\/#website","url":"https:\/\/www.bellochcampus.com\/es\/","name":"Belloch Campus","description":"Situado a s\u00f3lo 30 minutos de Barcelona, ofrece un espacio privilegiado para las reuniones corporativas y la transmisi\u00f3n de conocimiento","publisher":{"@id":"https:\/\/www.bellochcampus.com\/es\/#organization"},"potentialAction":[{"@type":"SearchAction","target":{"@type":"EntryPoint","urlTemplate":"https:\/\/www.bellochcampus.com\/es\/?s={search_term_string}"},"query-input":{"@type":"PropertyValueSpecification","valueRequired":true,"valueName":"search_term_string"}}],"inLanguage":"es"},{"@type":"Organization","@id":"https:\/\/www.bellochcampus.com\/es\/#organization","name":"Belloch Campus","url":"https:\/\/www.bellochcampus.com\/es\/","logo":{"@type":"ImageObject","inLanguage":"es","@id":"https:\/\/www.bellochcampus.com\/es\/#\/schema\/logo\/image\/","url":"https:\/\/www.bellochcampus.com\/wp-content\/uploads\/2022\/03\/cropped-logo-campus-belloch-n.png","contentUrl":"https:\/\/www.bellochcampus.com\/wp-content\/uploads\/2022\/03\/cropped-logo-campus-belloch-n.png","width":337,"height":54,"caption":"Belloch Campus"},"image":{"@id":"https:\/\/www.bellochcampus.com\/es\/#\/schema\/logo\/image\/"}}]}},"_links":{"self":[{"href":"https:\/\/www.bellochcampus.com\/es\/wp-json\/wp\/v2\/pages\/110","targetHints":{"allow":["GET"]}}],"collection":[{"href":"https:\/\/www.bellochcampus.com\/es\/wp-json\/wp\/v2\/pages"}],"about":[{"href":"https:\/\/www.bellochcampus.com\/es\/wp-json\/wp\/v2\/types\/page"}],"author":[{"embeddable":true,"href":"https:\/\/www.bellochcampus.com\/es\/wp-json\/wp\/v2\/users\/7"}],"replies":[{"embeddable":true,"href":"https:\/\/www.bellochcampus.com\/es\/wp-json\/wp\/v2\/comments?post=110"}],"version-history":[{"count":15,"href":"https:\/\/www.bellochcampus.com\/es\/wp-json\/wp\/v2\/pages\/110\/revisions"}],"predecessor-version":[{"id":1902,"href":"https:\/\/www.bellochcampus.com\/es\/wp-json\/wp\/v2\/pages\/110\/revisions\/1902"}],"wp:attachment":[{"href":"https:\/\/www.bellochcampus.com\/es\/wp-json\/wp\/v2\/media?parent=110"}],"curies":[{"name":"wp","href":"https:\/\/api.w.org\/{rel}","templated":true}]}}