{"id":108,"date":"2022-03-08T14:33:02","date_gmt":"2022-03-08T14:33:02","guid":{"rendered":"http:\/\/localhost\/belloch-campus\/?page_id=108"},"modified":"2022-03-30T07:36:10","modified_gmt":"2022-03-30T07:36:10","slug":"politica-de-cookies","status":"publish","type":"page","link":"https:\/\/www.bellochcampus.com\/es\/politica-de-cookies\/","title":{"rendered":"Pol\u00edtica de cookies"},"content":{"rendered":"<p>En esta Pol\u00edtica de Cookies encontrar\u00e1s informaci\u00f3n sobre el uso que realizamos de las cookies y dispositivos similares que se instalan en los terminales de nuestros clientes y usuarios. En ocasiones, el uso de cookies puede estar relacionado con el tratamiento de datos personales, por lo que te recomendamos que consultes nuestra <u>Pol\u00edtica de Privacidad<\/u>, accesible en nuestra web, si deseas informaci\u00f3n sobre c\u00f3mo usamos los datos personales de nuestros clientes y usuarios y c\u00f3mo ejercitar tus derechos.<\/p>\n<p>&nbsp;<\/p>\n<h3><strong>1. \u00bfQu\u00e9 son las cookies?<\/strong><\/h3>\n<p>Las cookies y otras tecnolog\u00edas similares tales como local shared objects, flash cookies o p\u00edxeles, son herramientas empleadas por los servidores Web para almacenar y recuperar informaci\u00f3n acerca de sus visitantes, as\u00ed como para ofrecer un correcto funcionamiento del sitio.<\/p>\n<p>Mediante el uso de estos dispositivos se permite al servidor Web recordar algunos datos concernientes al usuario, como sus preferencias para la visualizaci\u00f3n de las p\u00e1ginas de ese servidor, nombre y contrase\u00f1a, productos que m\u00e1s le interesan, etc.<\/p>\n<p>Los usos concretos que hacemos de estas tecnolog\u00edas se describen a continuaci\u00f3n.<\/p>\n<p>Utilizamos cookies propias y de terceros para conseguir que tengas una mejor experiencia de navegaci\u00f3n y para obtener estad\u00edsticas de usuarios.<\/p>\n<ul>\n<li>Cookies t\u00e9cnicas: son aquellas estrictamente necesarias y que nos permiten ofrecerte una mejor experiencia y llevar a cabo determinadas funciones que son imprescindibles para el correcto funcionamiento y visualizaci\u00f3n de nuestra web. Las cookies utilizadas tienen, en todo caso, car\u00e1cter temporal, con la \u00fanica finalidad de hacer m\u00e1s eficaz la navegaci\u00f3n, y desaparecen al terminar tu sesi\u00f3n de usuario. En ning\u00fan caso, estas cookies proporcionan por s\u00ed mismas datos de car\u00e1cter personal y no se utilizar\u00e1n para la recogida de los mismos.<\/li>\n<li>Cookies de an\u00e1lisis: nos permiten medir la audiencia, par\u00e1metros de tr\u00e1fico, controlar el progreso y n\u00famero de entradas, etc., siendo en estos casos cookies prescindibles t\u00e9cnicamente, pero beneficiosas para ti como usuario. Nuestra web no instalar\u00e1 cookies prescindibles sin tu consentimiento previo. Las cookies utilizadas se conservar\u00e1n durante un plazo de un a\u00f1o.<\/li>\n<li>Cookies de publicidad: las utilizamos como herramienta de an\u00e1lisis que nos ayuda a medir la eficacia de nuestra publicidad, elaborando informes de las acciones que las personas realizan cuando visitan nuestra web.\u00a0Estas cookies se conservar\u00e1n durante un plazo de 3 meses.<\/li>\n<\/ul>\n<p>&nbsp;<\/p>\n<h3><strong>2. \u00bfQu\u00e9 tipo de cookies se utilizan en nuestra web?<\/strong><\/h3>\n<p>Utilizamos cookies propias y de terceros para conseguir que tengas una mejor experiencia de navegaci\u00f3n y para obtener estad\u00edsticas de usuarios.<\/p>\n<ul>\n<li>Cookies t\u00e9cnicas: son aquellas estrictamente necesarias y que nos permiten ofrecerte una mejor experiencia y llevar a cabo determinadas funciones que son imprescindibles para el correcto funcionamiento y visualizaci\u00f3n de nuestra web. Las cookies utilizadas tienen, en todo caso, car\u00e1cter temporal, con la \u00fanica finalidad de hacer m\u00e1s eficaz la navegaci\u00f3n, y desaparecen al terminar tu sesi\u00f3n de usuario. En ning\u00fan caso, estas cookies proporcionan por s\u00ed mismas datos de car\u00e1cter personal y no se utilizar\u00e1n para la recogida de los mismos.<\/li>\n<li>Cookies de an\u00e1lisis: nos permiten medir la audiencia, par\u00e1metros de tr\u00e1fico, controlar el progreso y n\u00famero de entradas, etc., siendo en estos casos cookies prescindibles t\u00e9cnicamente, pero beneficiosas para ti como usuario. Nuestra web no instalar\u00e1 cookies prescindibles sin tu consentimiento previo. Las cookies utilizadas se conservar\u00e1n durante un plazo de un a\u00f1o.<\/li>\n<li>Cookies de publicidad: las utilizamos como herramienta de an\u00e1lisis que nos ayuda a medir la eficacia de nuestra publicidad, elaborando informes de las acciones que las personas realizan cuando visitan nuestra web.\u00a0Estas cookies se conservar\u00e1n durante un plazo de 3 meses.<\/li>\n<\/ul>\n<p>&nbsp;<\/p>\n<h3><strong>3. \u00bfC\u00f3mo puedo gestionar el uso de cookies en esta web? <\/strong><\/h3>\n<p>En el panel de configuraci\u00f3n de cookies accesible en todo momento en nuestra web podr\u00e1s obtener toda la informaci\u00f3n sobre las cookies utilizadas por esta web, junto con la informaci\u00f3n sobre el prop\u00f3sito, duraci\u00f3n y gesti\u00f3n (propia o por terceros) de cada una de ellas, para que puedas gestionar la activaci\u00f3n y desactivaci\u00f3n del uso de aquellas cookies que no son estrictamente necesarias para el funcionamiento de la web. Alternativamente, en caso de que est\u00e9s navegando por internet, puedes deshabilitar en tu navegador el uso de cookies. Te indicamos la manera de realizarlo en los navegadores m\u00e1s populares:<\/p>\n<ul>\n<li><a href=\"https:\/\/support.google.com\/chrome\/answer\/95647?hl=es\">Chrome<\/a><\/li>\n<li><a href=\"https:\/\/support.microsoft.com\/es-es\/topic\/eliminar-y-administrar-cookies-168dab11-0753-043d-7c16-ede5947fc64d\">Internet Explorer<\/a><\/li>\n<li><a href=\"https:\/\/support.mozilla.org\/es\/kb\/habilitar-y-deshabilitar-cookies-sitios-web-rastrear-preferencias\">Mozilla Firefox<\/a><\/li>\n<li><a href=\"https:\/\/support.apple.com\/es-es\/HT201265\">Safari<\/a><\/li>\n<\/ul>\n<p>Esta posibilidad de evitar el uso de cookies puede ser llevada a cabo en cualquier momento.<\/p>\n<p>&nbsp;<\/p>\n<h3><strong>4. \u00bfQui\u00e9n utiliza la informaci\u00f3n almacenada en las cookies? <\/strong><\/h3>\n<p>La informaci\u00f3n almacenada en las cookies de nuestra web es utilizada exclusivamente por nosotros, a excepci\u00f3n de las cookies de terceros, que son utilizadas y gestionadas por entidades externas para proporcionarnos servicios dirigidos a mejorar nuestros servicios y la experiencia del usuario al navegar en nuestra web. Puedes encontrar m\u00e1s informaci\u00f3n en el panel de configuraci\u00f3n de cookies accesible en todo momento en nuestra web. Para obtener informaci\u00f3n m\u00e1s detallada sobre el tratamiento de tus datos personales en nuestra colaboraci\u00f3n con terceros y aquellos sujetos a transferencias internacionales de datos, te recomendamos que leas nuestra Pol\u00edtica de Privacidad accesible en nuestra web.<\/p>\n","protected":false},"excerpt":{"rendered":"<p>En esta Pol\u00edtica de Cookies encontrar\u00e1s informaci\u00f3n sobre el uso que realizamos de las cookies y dispositivos similares que se instalan en los terminales de nuestros clientes y usuarios. En ocasiones, el uso de cookies puede estar relacionado con el tratamiento de datos personales, por lo que te recomendamos que consultes nuestra Pol\u00edtica de Privacidad, [&hellip;]<\/p>\n","protected":false},"author":7,"featured_media":0,"parent":0,"menu_order":0,"comment_status":"closed","ping_status":"closed","template":"","meta":{"footnotes":""},"class_list":["post-108","page","type-page","status-publish","hentry"],"yoast_head":"<!-- This site is optimized with the Yoast SEO plugin v24.8.1 - https:\/\/yoast.com\/wordpress\/plugins\/seo\/ -->\n<title>Pol\u00edtica de cookies | Belloch Campus<\/title>\n<meta name=\"description\" content=\"Belloch Campus, situado a s\u00f3lo 30 minutos de Barcelona, ofrece un espacio privilegiado para las reuniones corporativas.\" \/>\n<meta name=\"robots\" content=\"noindex, nofollow\" \/>\n<meta property=\"og:locale\" content=\"es_ES\" \/>\n<meta property=\"og:type\" content=\"article\" \/>\n<meta property=\"og:title\" content=\"Pol\u00edtica de cookies | Belloch Campus\" \/>\n<meta property=\"og:description\" content=\"Belloch Campus, situado a s\u00f3lo 30 minutos de Barcelona, ofrece un espacio privilegiado para las reuniones corporativas.\" \/>\n<meta property=\"og:url\" content=\"https:\/\/www.bellochcampus.com\/es\/politica-de-cookies\/\" \/>\n<meta property=\"og:site_name\" content=\"Belloch Campus\" \/>\n<meta property=\"article:modified_time\" content=\"2022-03-30T07:36:10+00:00\" \/>\n<meta name=\"twitter:card\" content=\"summary_large_image\" \/>\n<meta name=\"twitter:label1\" content=\"Tiempo de lectura\" \/>\n\t<meta name=\"twitter:data1\" content=\"4 minutos\" \/>\n<script type=\"application\/ld+json\" class=\"yoast-schema-graph\">{\"@context\":\"https:\/\/schema.org\",\"@graph\":[{\"@type\":\"WebPage\",\"@id\":\"https:\/\/www.bellochcampus.com\/es\/politica-de-cookies\/\",\"url\":\"https:\/\/www.bellochcampus.com\/es\/politica-de-cookies\/\",\"name\":\"Pol\u00edtica de cookies | Belloch Campus\",\"isPartOf\":{\"@id\":\"https:\/\/www.bellochcampus.com\/es\/#website\"},\"datePublished\":\"2022-03-08T14:33:02+00:00\",\"dateModified\":\"2022-03-30T07:36:10+00:00\",\"description\":\"Belloch Campus, situado a s\u00f3lo 30 minutos de Barcelona, ofrece un espacio privilegiado para las reuniones corporativas.\",\"breadcrumb\":{\"@id\":\"https:\/\/www.bellochcampus.com\/es\/politica-de-cookies\/#breadcrumb\"},\"inLanguage\":\"es\",\"potentialAction\":[{\"@type\":\"ReadAction\",\"target\":[\"https:\/\/www.bellochcampus.com\/es\/politica-de-cookies\/\"]}]},{\"@type\":\"BreadcrumbList\",\"@id\":\"https:\/\/www.bellochcampus.com\/es\/politica-de-cookies\/#breadcrumb\",\"itemListElement\":[{\"@type\":\"ListItem\",\"position\":1,\"name\":\"Home\",\"item\":\"https:\/\/www.bellochcampus.com\/es\/\"},{\"@type\":\"ListItem\",\"position\":2,\"name\":\"Pol\u00edtica de cookies\"}]},{\"@type\":\"WebSite\",\"@id\":\"https:\/\/www.bellochcampus.com\/es\/#website\",\"url\":\"https:\/\/www.bellochcampus.com\/es\/\",\"name\":\"Belloch Campus\",\"description\":\"Situado a s\u00f3lo 30 minutos de Barcelona, ofrece un espacio privilegiado para las reuniones corporativas y la transmisi\u00f3n de conocimiento\",\"publisher\":{\"@id\":\"https:\/\/www.bellochcampus.com\/es\/#organization\"},\"potentialAction\":[{\"@type\":\"SearchAction\",\"target\":{\"@type\":\"EntryPoint\",\"urlTemplate\":\"https:\/\/www.bellochcampus.com\/es\/?s={search_term_string}\"},\"query-input\":{\"@type\":\"PropertyValueSpecification\",\"valueRequired\":true,\"valueName\":\"search_term_string\"}}],\"inLanguage\":\"es\"},{\"@type\":\"Organization\",\"@id\":\"https:\/\/www.bellochcampus.com\/es\/#organization\",\"name\":\"Belloch Campus\",\"url\":\"https:\/\/www.bellochcampus.com\/es\/\",\"logo\":{\"@type\":\"ImageObject\",\"inLanguage\":\"es\",\"@id\":\"https:\/\/www.bellochcampus.com\/es\/#\/schema\/logo\/image\/\",\"url\":\"https:\/\/www.bellochcampus.com\/wp-content\/uploads\/2022\/03\/cropped-logo-campus-belloch-n.png\",\"contentUrl\":\"https:\/\/www.bellochcampus.com\/wp-content\/uploads\/2022\/03\/cropped-logo-campus-belloch-n.png\",\"width\":337,\"height\":54,\"caption\":\"Belloch Campus\"},\"image\":{\"@id\":\"https:\/\/www.bellochcampus.com\/es\/#\/schema\/logo\/image\/\"}}]}<\/script>\n<!-- \/ Yoast SEO plugin. -->","yoast_head_json":{"title":"Pol\u00edtica de cookies | Belloch Campus","description":"Belloch Campus, situado a s\u00f3lo 30 minutos de Barcelona, ofrece un espacio privilegiado para las reuniones corporativas.","robots":{"index":"noindex","follow":"nofollow"},"og_locale":"es_ES","og_type":"article","og_title":"Pol\u00edtica de cookies | Belloch Campus","og_description":"Belloch Campus, situado a s\u00f3lo 30 minutos de Barcelona, ofrece un espacio privilegiado para las reuniones corporativas.","og_url":"https:\/\/www.bellochcampus.com\/es\/politica-de-cookies\/","og_site_name":"Belloch Campus","article_modified_time":"2022-03-30T07:36:10+00:00","twitter_card":"summary_large_image","twitter_misc":{"Tiempo de lectura":"4 minutos"},"schema":{"@context":"https:\/\/schema.org","@graph":[{"@type":"WebPage","@id":"https:\/\/www.bellochcampus.com\/es\/politica-de-cookies\/","url":"https:\/\/www.bellochcampus.com\/es\/politica-de-cookies\/","name":"Pol\u00edtica de cookies | Belloch Campus","isPartOf":{"@id":"https:\/\/www.bellochcampus.com\/es\/#website"},"datePublished":"2022-03-08T14:33:02+00:00","dateModified":"2022-03-30T07:36:10+00:00","description":"Belloch Campus, situado a s\u00f3lo 30 minutos de Barcelona, ofrece un espacio privilegiado para las reuniones corporativas.","breadcrumb":{"@id":"https:\/\/www.bellochcampus.com\/es\/politica-de-cookies\/#breadcrumb"},"inLanguage":"es","potentialAction":[{"@type":"ReadAction","target":["https:\/\/www.bellochcampus.com\/es\/politica-de-cookies\/"]}]},{"@type":"BreadcrumbList","@id":"https:\/\/www.bellochcampus.com\/es\/politica-de-cookies\/#breadcrumb","itemListElement":[{"@type":"ListItem","position":1,"name":"Home","item":"https:\/\/www.bellochcampus.com\/es\/"},{"@type":"ListItem","position":2,"name":"Pol\u00edtica de cookies"}]},{"@type":"WebSite","@id":"https:\/\/www.bellochcampus.com\/es\/#website","url":"https:\/\/www.bellochcampus.com\/es\/","name":"Belloch Campus","description":"Situado a s\u00f3lo 30 minutos de Barcelona, ofrece un espacio privilegiado para las reuniones corporativas y la transmisi\u00f3n de conocimiento","publisher":{"@id":"https:\/\/www.bellochcampus.com\/es\/#organization"},"potentialAction":[{"@type":"SearchAction","target":{"@type":"EntryPoint","urlTemplate":"https:\/\/www.bellochcampus.com\/es\/?s={search_term_string}"},"query-input":{"@type":"PropertyValueSpecification","valueRequired":true,"valueName":"search_term_string"}}],"inLanguage":"es"},{"@type":"Organization","@id":"https:\/\/www.bellochcampus.com\/es\/#organization","name":"Belloch Campus","url":"https:\/\/www.bellochcampus.com\/es\/","logo":{"@type":"ImageObject","inLanguage":"es","@id":"https:\/\/www.bellochcampus.com\/es\/#\/schema\/logo\/image\/","url":"https:\/\/www.bellochcampus.com\/wp-content\/uploads\/2022\/03\/cropped-logo-campus-belloch-n.png","contentUrl":"https:\/\/www.bellochcampus.com\/wp-content\/uploads\/2022\/03\/cropped-logo-campus-belloch-n.png","width":337,"height":54,"caption":"Belloch Campus"},"image":{"@id":"https:\/\/www.bellochcampus.com\/es\/#\/schema\/logo\/image\/"}}]}},"_links":{"self":[{"href":"https:\/\/www.bellochcampus.com\/es\/wp-json\/wp\/v2\/pages\/108","targetHints":{"allow":["GET"]}}],"collection":[{"href":"https:\/\/www.bellochcampus.com\/es\/wp-json\/wp\/v2\/pages"}],"about":[{"href":"https:\/\/www.bellochcampus.com\/es\/wp-json\/wp\/v2\/types\/page"}],"author":[{"embeddable":true,"href":"https:\/\/www.bellochcampus.com\/es\/wp-json\/wp\/v2\/users\/7"}],"replies":[{"embeddable":true,"href":"https:\/\/www.bellochcampus.com\/es\/wp-json\/wp\/v2\/comments?post=108"}],"version-history":[{"count":4,"href":"https:\/\/www.bellochcampus.com\/es\/wp-json\/wp\/v2\/pages\/108\/revisions"}],"predecessor-version":[{"id":536,"href":"https:\/\/www.bellochcampus.com\/es\/wp-json\/wp\/v2\/pages\/108\/revisions\/536"}],"wp:attachment":[{"href":"https:\/\/www.bellochcampus.com\/es\/wp-json\/wp\/v2\/media?parent=108"}],"curies":[{"name":"wp","href":"https:\/\/api.w.org\/{rel}","templated":true}]}}