{"id":2027,"date":"2022-03-08T14:33:02","date_gmt":"2022-03-08T14:33:02","guid":{"rendered":"https:\/\/www.bellochcampus.com\/politica-de-cookies\/"},"modified":"2022-05-02T13:46:27","modified_gmt":"2022-05-02T13:46:27","slug":"politica-de-cookies","status":"publish","type":"page","link":"https:\/\/www.bellochcampus.com\/ca\/politica-de-cookies\/","title":{"rendered":"Pol\u00edtica de cookies"},"content":{"rendered":"<p>En aquesta Pol\u00edtica de Cookies trobar\u00e0s informaci\u00f3 sobre l&#8217;\u00fas que realitzem de les cookies i dispositius similars que s&#8217;instal\u00b7len en els terminals dels nostres clients i usuaris. A vegades, l&#8217;\u00fas de cookies pot estar relacionat amb el tractament de dades personals, per la qual cosa et recomanem que consultis la nostra Pol\u00edtica de Privacitat, accessible en la nostra web, si desitges informaci\u00f3 sobre com usem les dades personals dels nostres clients i usuaris i com exercitar els teus drets.<\/p>\n<p>&nbsp;<\/p>\n<h3><strong>1. <\/strong><strong>\u00bfQu\u00e8 s\u00f3n les cookies?<\/strong><\/h3>\n<p>Les cookies i altres tecnologies similars com ara local shared objects, flash cookies o p\u00edxels, s\u00f3n eines emprades pels servidors Web per a emmagatzemar i recuperar informaci\u00f3 sobre els seus visitants, aix\u00ed com per a oferir un correcte funcionament del lloc.<\/p>\n<p>Mitjan\u00e7ant l&#8217;\u00fas d&#8217;aquests dispositius es permet al servidor Web recordar algunes dades concernents a l&#8217;usuari, com les seves prefer\u00e8ncies per a la visualitzaci\u00f3 de les p\u00e0gines d&#8217;aquest servidor, nom i contrasenya, productes que m\u00e9s li interessen, etc.<\/p>\n<p>Els usos concrets que fem d&#8217;aquestes tecnologies es descriuen a continuaci\u00f3.<\/p>\n<h3><strong>\u00a0<\/strong><\/h3>\n<h3><strong>2. <\/strong><strong>Quin tipus de cookies s\u2019utilitzen en la nostra web? <\/strong><\/h3>\n<p>Utilitzem cookies pr\u00f2pies i de tercers per a aconseguir que tinguis una millor experi\u00e8ncia de navegaci\u00f3 i per a obtenir estad\u00edstiques d&#8217;usuaris.<\/p>\n<ul>\n<li>Cookies t\u00e8cniques: s\u00f3n aquelles estrictament necess\u00e0ries i que ens permeten oferir-te una millor experi\u00e8ncia i dur a terme determinades funcions que s\u00f3n imprescindibles per al correcte funcionament i visualitzaci\u00f3 de la nostra web. Les cookies utilitzades tenen, en tot cas, car\u00e0cter temporal, amb l&#8217;\u00fanica finalitat de fer m\u00e9s efica\u00e7 la navegaci\u00f3, i desapareixen en acabar la teva sessi\u00f3 d&#8217;usuari. En cap cas, aquestes cookies proporcionen per si mateixes dades de car\u00e0cter personal i no s&#8217;utilitzaran per a la recollida d&#8217;aquests.<\/li>\n<li>Cookies d&#8217;an\u00e0lisis: ens permeten mesurar l&#8217;audi\u00e8ncia, par\u00e0metres de tr\u00e0nsit, controlar el progr\u00e9s i nombre d&#8217;entrades, etc., sent en aquests casos cookies prescindibles t\u00e8cnicament, per\u00f2 beneficioses per a tu com a usuari. La nostra web no instal\u00b7lar\u00e0 cookies prescindibles sense el teu consentiment previ. Les cookies utilitzades es conservaran durant un termini d&#8217;un any.<\/li>\n<li>Cookies de publicitat: les utilitzem com a eina d&#8217;an\u00e0lisi que ens ajuda a mesurar l&#8217;efic\u00e0cia de la nostra publicitat, elaborant informes de les accions que les persones realitzen quan visiten la nostra web. Aquestes cookies es conservaran durant un termini de 3 mesos.<\/li>\n<\/ul>\n<p>&nbsp;<\/p>\n<h3><strong>3. <\/strong><strong>Com puc gestionar l\u2019\u00fas de cookies en aquesta web?<\/strong><\/h3>\n<p>En el panell de configuraci\u00f3 de cookies accessible en tot moment en la nostra web podr\u00e0s obtenir tota la informaci\u00f3 sobre les cookies utilitzades per aquesta web, juntament amb la informaci\u00f3 sobre el prop\u00f2sit, durada i gesti\u00f3 (pr\u00f2pia o per tercers) de cadascuna d&#8217;elles, perqu\u00e8 puguis gestionar l&#8217;activaci\u00f3 i desactivaci\u00f3 de l&#8217;\u00fas d&#8217;aquelles cookies que no s\u00f3n estrictament necess\u00e0ries per al funcionament de la web. Alternativament, en cas que estiguis navegant per internet, pots deshabilitar en el teu navegador l&#8217;\u00fas de cookies. T&#8217;indiquem la manera de realitzar-lo en els navegadors m\u00e9s populars:<\/p>\n<ul>\n<li>Chrome<\/li>\n<li>Internet Explorer<\/li>\n<li>*Mozilla Firefox<\/li>\n<li>Safari<\/li>\n<\/ul>\n<p>Aquesta possibilitat d&#8217;evitar l&#8217;\u00fas de cookies pot ser duta a terme en qualsevol moment.<\/p>\n<p>&nbsp;<\/p>\n<h3><strong>4. <\/strong><strong>Qui utilitza la informaci\u00f3 emmagatzemada en les cookies?<\/strong><\/h3>\n<p>La informaci\u00f3 emmagatzemada en les cookies de la nostra web \u00e9s utilitzada exclusivament per nosaltres, a excepci\u00f3 de les cookies de tercers, que s\u00f3n utilitzades i gestionades per entitats externes per a proporcionar-nos serveis dirigits a millorar els nostres serveis i l&#8217;experi\u00e8ncia de l&#8217;usuari en navegar en la nostra web. Pots trobar m\u00e9s informaci\u00f3 en el panell de configuraci\u00f3 de cookies accessible en tot moment en la nostra web. Per a obtenir informaci\u00f3 m\u00e9s detallada sobre el tractament de les teves dades personals en la nostra col\u00b7laboraci\u00f3 amb tercers i aquells subjectes a transfer\u00e8ncies internacionals de dades, et recomanem que llegeixis la nostra Pol\u00edtica de Privacitat accessible en la nostra web.<\/p>\n<p>&nbsp;<\/p>\n","protected":false},"excerpt":{"rendered":"<p>En aquesta Pol\u00edtica de Cookies trobar\u00e0s informaci\u00f3 sobre l&#8217;\u00fas que realitzem de les cookies i dispositius similars que s&#8217;instal\u00b7len en els terminals dels nostres clients i usuaris. A vegades, l&#8217;\u00fas de cookies pot estar relacionat amb el tractament de dades personals, per la qual cosa et recomanem que consultis la nostra Pol\u00edtica de Privacitat, accessible [&hellip;]<\/p>\n","protected":false},"author":7,"featured_media":0,"parent":0,"menu_order":0,"comment_status":"closed","ping_status":"closed","template":"","meta":{"footnotes":""},"class_list":["post-2027","page","type-page","status-publish","hentry"],"yoast_head":"<!-- This site is optimized with the Yoast SEO plugin v24.8.1 - https:\/\/yoast.com\/wordpress\/plugins\/seo\/ -->\n<title>Pol\u00edtica de cookies | Belloch Campus<\/title>\n<meta name=\"description\" content=\"Belloch Campus, situado a s\u00f3lo 30 minutos de Barcelona, ofrece un espacio privilegiado para las reuniones corporativas.\" \/>\n<meta name=\"robots\" content=\"noindex, nofollow\" \/>\n<meta property=\"og:locale\" content=\"ca_ES\" \/>\n<meta property=\"og:type\" content=\"article\" \/>\n<meta property=\"og:title\" content=\"Pol\u00edtica de cookies | Belloch Campus\" \/>\n<meta property=\"og:description\" content=\"Belloch Campus, situado a s\u00f3lo 30 minutos de Barcelona, ofrece un espacio privilegiado para las reuniones corporativas.\" \/>\n<meta property=\"og:url\" content=\"https:\/\/www.bellochcampus.com\/ca\/politica-de-cookies\/\" \/>\n<meta property=\"og:site_name\" content=\"Belloch Campus\" \/>\n<meta property=\"article:modified_time\" content=\"2022-05-02T13:46:27+00:00\" \/>\n<meta name=\"twitter:card\" content=\"summary_large_image\" \/>\n<meta name=\"twitter:label1\" content=\"Est. reading time\" \/>\n\t<meta name=\"twitter:data1\" content=\"3 minutes\" \/>\n<script type=\"application\/ld+json\" class=\"yoast-schema-graph\">{\"@context\":\"https:\/\/schema.org\",\"@graph\":[{\"@type\":\"WebPage\",\"@id\":\"https:\/\/www.bellochcampus.com\/ca\/politica-de-cookies\/\",\"url\":\"https:\/\/www.bellochcampus.com\/ca\/politica-de-cookies\/\",\"name\":\"Pol\u00edtica de cookies | Belloch Campus\",\"isPartOf\":{\"@id\":\"https:\/\/www.bellochcampus.com\/ca\/#website\"},\"datePublished\":\"2022-03-08T14:33:02+00:00\",\"dateModified\":\"2022-05-02T13:46:27+00:00\",\"description\":\"Belloch Campus, situado a s\u00f3lo 30 minutos de Barcelona, ofrece un espacio privilegiado para las reuniones corporativas.\",\"breadcrumb\":{\"@id\":\"https:\/\/www.bellochcampus.com\/ca\/politica-de-cookies\/#breadcrumb\"},\"inLanguage\":\"ca\",\"potentialAction\":[{\"@type\":\"ReadAction\",\"target\":[\"https:\/\/www.bellochcampus.com\/ca\/politica-de-cookies\/\"]}]},{\"@type\":\"BreadcrumbList\",\"@id\":\"https:\/\/www.bellochcampus.com\/ca\/politica-de-cookies\/#breadcrumb\",\"itemListElement\":[{\"@type\":\"ListItem\",\"position\":1,\"name\":\"Home\",\"item\":\"https:\/\/www.bellochcampus.com\/ca\/\"},{\"@type\":\"ListItem\",\"position\":2,\"name\":\"Pol\u00edtica de cookies\"}]},{\"@type\":\"WebSite\",\"@id\":\"https:\/\/www.bellochcampus.com\/ca\/#website\",\"url\":\"https:\/\/www.bellochcampus.com\/ca\/\",\"name\":\"Belloch Campus\",\"description\":\"Descripci\u00f3n del sito\",\"publisher\":{\"@id\":\"https:\/\/www.bellochcampus.com\/ca\/#organization\"},\"potentialAction\":[{\"@type\":\"SearchAction\",\"target\":{\"@type\":\"EntryPoint\",\"urlTemplate\":\"https:\/\/www.bellochcampus.com\/ca\/?s={search_term_string}\"},\"query-input\":{\"@type\":\"PropertyValueSpecification\",\"valueRequired\":true,\"valueName\":\"search_term_string\"}}],\"inLanguage\":\"ca\"},{\"@type\":\"Organization\",\"@id\":\"https:\/\/www.bellochcampus.com\/ca\/#organization\",\"name\":\"Belloch Campus\",\"url\":\"https:\/\/www.bellochcampus.com\/ca\/\",\"logo\":{\"@type\":\"ImageObject\",\"inLanguage\":\"ca\",\"@id\":\"https:\/\/www.bellochcampus.com\/ca\/#\/schema\/logo\/image\/\",\"url\":\"https:\/\/www.bellochcampus.com\/wp-content\/uploads\/2022\/03\/cropped-logo-campus-belloch-n.png\",\"contentUrl\":\"https:\/\/www.bellochcampus.com\/wp-content\/uploads\/2022\/03\/cropped-logo-campus-belloch-n.png\",\"width\":337,\"height\":54,\"caption\":\"Belloch Campus\"},\"image\":{\"@id\":\"https:\/\/www.bellochcampus.com\/ca\/#\/schema\/logo\/image\/\"}}]}<\/script>\n<!-- \/ Yoast SEO plugin. -->","yoast_head_json":{"title":"Pol\u00edtica de cookies | Belloch Campus","description":"Belloch Campus, situado a s\u00f3lo 30 minutos de Barcelona, ofrece un espacio privilegiado para las reuniones corporativas.","robots":{"index":"noindex","follow":"nofollow"},"og_locale":"ca_ES","og_type":"article","og_title":"Pol\u00edtica de cookies | Belloch Campus","og_description":"Belloch Campus, situado a s\u00f3lo 30 minutos de Barcelona, ofrece un espacio privilegiado para las reuniones corporativas.","og_url":"https:\/\/www.bellochcampus.com\/ca\/politica-de-cookies\/","og_site_name":"Belloch Campus","article_modified_time":"2022-05-02T13:46:27+00:00","twitter_card":"summary_large_image","twitter_misc":{"Est. reading time":"3 minutes"},"schema":{"@context":"https:\/\/schema.org","@graph":[{"@type":"WebPage","@id":"https:\/\/www.bellochcampus.com\/ca\/politica-de-cookies\/","url":"https:\/\/www.bellochcampus.com\/ca\/politica-de-cookies\/","name":"Pol\u00edtica de cookies | Belloch Campus","isPartOf":{"@id":"https:\/\/www.bellochcampus.com\/ca\/#website"},"datePublished":"2022-03-08T14:33:02+00:00","dateModified":"2022-05-02T13:46:27+00:00","description":"Belloch Campus, situado a s\u00f3lo 30 minutos de Barcelona, ofrece un espacio privilegiado para las reuniones corporativas.","breadcrumb":{"@id":"https:\/\/www.bellochcampus.com\/ca\/politica-de-cookies\/#breadcrumb"},"inLanguage":"ca","potentialAction":[{"@type":"ReadAction","target":["https:\/\/www.bellochcampus.com\/ca\/politica-de-cookies\/"]}]},{"@type":"BreadcrumbList","@id":"https:\/\/www.bellochcampus.com\/ca\/politica-de-cookies\/#breadcrumb","itemListElement":[{"@type":"ListItem","position":1,"name":"Home","item":"https:\/\/www.bellochcampus.com\/ca\/"},{"@type":"ListItem","position":2,"name":"Pol\u00edtica de cookies"}]},{"@type":"WebSite","@id":"https:\/\/www.bellochcampus.com\/ca\/#website","url":"https:\/\/www.bellochcampus.com\/ca\/","name":"Belloch Campus","description":"Descripci\u00f3n del sito","publisher":{"@id":"https:\/\/www.bellochcampus.com\/ca\/#organization"},"potentialAction":[{"@type":"SearchAction","target":{"@type":"EntryPoint","urlTemplate":"https:\/\/www.bellochcampus.com\/ca\/?s={search_term_string}"},"query-input":{"@type":"PropertyValueSpecification","valueRequired":true,"valueName":"search_term_string"}}],"inLanguage":"ca"},{"@type":"Organization","@id":"https:\/\/www.bellochcampus.com\/ca\/#organization","name":"Belloch Campus","url":"https:\/\/www.bellochcampus.com\/ca\/","logo":{"@type":"ImageObject","inLanguage":"ca","@id":"https:\/\/www.bellochcampus.com\/ca\/#\/schema\/logo\/image\/","url":"https:\/\/www.bellochcampus.com\/wp-content\/uploads\/2022\/03\/cropped-logo-campus-belloch-n.png","contentUrl":"https:\/\/www.bellochcampus.com\/wp-content\/uploads\/2022\/03\/cropped-logo-campus-belloch-n.png","width":337,"height":54,"caption":"Belloch Campus"},"image":{"@id":"https:\/\/www.bellochcampus.com\/ca\/#\/schema\/logo\/image\/"}}]}},"_links":{"self":[{"href":"https:\/\/www.bellochcampus.com\/ca\/wp-json\/wp\/v2\/pages\/2027","targetHints":{"allow":["GET"]}}],"collection":[{"href":"https:\/\/www.bellochcampus.com\/ca\/wp-json\/wp\/v2\/pages"}],"about":[{"href":"https:\/\/www.bellochcampus.com\/ca\/wp-json\/wp\/v2\/types\/page"}],"author":[{"embeddable":true,"href":"https:\/\/www.bellochcampus.com\/ca\/wp-json\/wp\/v2\/users\/7"}],"replies":[{"embeddable":true,"href":"https:\/\/www.bellochcampus.com\/ca\/wp-json\/wp\/v2\/comments?post=2027"}],"version-history":[{"count":3,"href":"https:\/\/www.bellochcampus.com\/ca\/wp-json\/wp\/v2\/pages\/2027\/revisions"}],"predecessor-version":[{"id":2069,"href":"https:\/\/www.bellochcampus.com\/ca\/wp-json\/wp\/v2\/pages\/2027\/revisions\/2069"}],"wp:attachment":[{"href":"https:\/\/www.bellochcampus.com\/ca\/wp-json\/wp\/v2\/media?parent=2027"}],"curies":[{"name":"wp","href":"https:\/\/api.w.org\/{rel}","templated":true}]}}