{"id":2010,"date":"2022-03-08T14:33:18","date_gmt":"2022-03-08T14:33:18","guid":{"rendered":"https:\/\/www.bellochcampus.com\/aviso-legal\/"},"modified":"2022-05-02T12:46:07","modified_gmt":"2022-05-02T12:46:07","slug":"avis-legal","status":"publish","type":"page","link":"https:\/\/www.bellochcampus.com\/ca\/avis-legal\/","title":{"rendered":"Av\u00eds legal"},"content":{"rendered":"<p>El present document (juntament amb tots els documents en ell esmentats) estableix les condicions per les quals es regeix l&#8217;\u00fas d&#8217;aquesta p\u00e0gina web (<a href=\"http:\/\/www.bellochcampus.com\">www.bellochcampus.com<\/a>) \u00a0(d&#8217;ara endavant, la \u201cweb\u201d o la \u201cPlataforma\u201d) que Belloch Campus posa a la disposici\u00f3 dels usuaris d&#8217;Internet.<\/p>\n<p>Et preguem que llegeixis atentament les presents Condicions, la nostra Pol\u00edtica de Cookies i la nostra Pol\u00edtica de Privacitat abans d&#8217;usar la Plataforma. Has de respectar totes aquelles normes que regulen l&#8217;\u00fas de la Plataforma. Si no est\u00e0s d&#8217;acord amb totes les Condicions, no has d&#8217;usar la Plataforma. Tota persona que accedeixi a aquest lloc web assumeix el paper d&#8217;usuari, comprometent-se a l&#8217;observan\u00e7a i compliment rigor\u00f3s de les disposicions aqu\u00ed disposades, aix\u00ed com a qualsevol altra disposici\u00f3 legal que fos aplicable.<\/p>\n<h3 style=\"margin-top: 40px;\"><strong>1. Dades identificatives<\/strong><\/h3>\n<ul>\n<li>Nom del domini: <a href=\"http:\/\/www.bellochcampus.com\">bellochcampus.com<\/a><\/li>\n<li>Nom comercial: Belloch Campus<\/li>\n<li>Denominaci\u00f3 social: PARC DE BELLOCH, S.L.<\/li>\n<li>NIF: B63183529<\/li>\n<li>Domicili social: Ctra. C-251 km. 5,6 08430 La Roca<\/li>\n<li>Tel\u00e8fon: +34 938 61 91 00<\/li>\n<li>e-mail: campus@bellochcampus.eu<\/li>\n<li>Inscrita en el Registre (Mercantil \/ P\u00fablic): Barcelona, tom 35549, foli 123, S 8 fulla B-271718, I\/A 1<\/li>\n<\/ul>\n<h3 style=\"margin-top: 40px;\"><strong>2. \u00das de la nostra Plataforma<\/strong><\/h3>\n<p>La utilitzaci\u00f3 de la Plataforma, incloent el mer acc\u00e9s, concedeix la condici\u00f3 d&#8217;usuari i suposa l&#8217;acceptaci\u00f3 plena i sense reserves de totes les estipulacions d&#8217;aquest Av\u00eds Legal que es trobin en vigor en el moment de l&#8217;acc\u00e9s. En conseq\u00fc\u00e8ncia, l&#8217;usuari ha de llegir l&#8217;Av\u00eds Legal cada vegada que utilitzi el Portal. L&#8217;usuari \u00e9s conscient i accepta volunt\u00e0ria i expressament que l&#8217;\u00fas del Portal es realitza en tot cas sota la seva exclusiva responsabilitat.<\/p>\n<p>Belloch Campus es reserva el dret de modificar en qualsevol moment i sense previ av\u00eds el contingut de la Plataforma, el seu Av\u00eds i Pol\u00edtica de Privacitat o qualsevol altra condici\u00f3 o text que resulti d&#8217;aplicaci\u00f3.<\/p>\n<h3 style=\"margin-top: 40px;\"><strong>3. Drets de propietat intel\u00b7lectual i industrial<\/strong><\/h3>\n<p>El lloc web, incloent a t\u00edtol enunciatiu per\u00f2 no limitatiu la seva programaci\u00f3, edici\u00f3, compilaci\u00f3 i altres elements necessaris per al seu funcionament, els dissenys, logotips, text i\/o gr\u00e0fics, s\u00f3n propietat de Belloch Campus o, si \u00e9s el cas, disposa de llic\u00e8ncia o autoritzaci\u00f3 expressa per part dels autors. Tots els continguts de la nostra web es troben degudament protegits per la normativa de propietat intel\u00b7lectual i industrial, aix\u00ed com inscrits en els registres p\u00fablics corresponents. Independentment de la finalitat per a la qual fossin destinats, la reproducci\u00f3 total o parcial, \u00fas, explotaci\u00f3, distribuci\u00f3 i comercialitzaci\u00f3, requereix en tot cas de l&#8217;autoritzaci\u00f3 escrita pr\u00e8via per part de Belloch Campus. Qualsevol \u00fas no autoritzat pr\u00e8viament es considera un incompliment greu dels drets de propietat intel\u00b7lectual o industrial de l&#8217;autor.<\/p>\n<p>Els dissenys, logotips, text i\/o gr\u00e0fics aliens a Belloch Campus i que poguessin apar\u00e8ixer en la nostra web, pertanyen als seus respectius propietaris, sent ells mateixos responsables de qualsevol possible controv\u00e8rsia que pogu\u00e9s suscitar-se respecte a aquests. Belloch Campus autoritza expressament a que tercers puguin redirigir directament als continguts concrets de la web, i en tot cas redirigir al lloc web principal de <a href=\"http:\/\/www.bellochcampus.com\">www.bellochcampus.com<\/a>.<\/p>\n<p>Belloch Campus reconeix a favor dels seus titulars els corresponents drets de propietat intel\u00b7lectual i industrial, no implicant el seu sol esment o aparici\u00f3 en la web l&#8217;exist\u00e8ncia de drets o cap responsabilitat sobre aquests, com tampoc suport, patrocini o recomanaci\u00f3 per part d&#8217;aquesta.<\/p>\n<p>Per a realitzar qualsevol tipus d&#8217;observaci\u00f3 respecte a possibles incompliments dels drets de propietat intel\u00b7lectual o industrial, aix\u00ed com sobre qualsevol dels continguts del lloc web, pots fer-ho a trav\u00e9s del correu electr\u00f2nic <a href=\"mailto:info@bellochcampus.com\">info@bellochcampus.com<\/a>.<\/p>\n<h3 style=\"margin-top: 40px;\"><strong>4. Pol\u00edtica d&#8217;enlla\u00e7os<\/strong><\/h3>\n<p>Des del lloc web, \u00e9s possible que es redirigeixi a continguts de tercers llocs web de tercers. At\u00e8s que Belloch Campus no pot controlar sempre els continguts introdu\u00efts pels tercers en els seus respectius llocs web, no s&#8217;assumeix cap mena de responsabilitat respecte a aquests continguts. En tot cas, procedirem a la retirada immediata de qualsevol contingut que pogu\u00e9s contravenir la legislaci\u00f3 nacional o internacional, la moral o l&#8217;ordre p\u00fablic, procedint a la retirada immediata de la redirecci\u00f3 a aquest lloc web, i posant en coneixement de les autoritats competents el contingut en q\u00fcesti\u00f3.<\/p>\n<p>Belloch Campus no es fa responsable de la informaci\u00f3 i continguts emmagatzemats, a t\u00edtol enunciatiu, per\u00f2 no limitatiu, en f\u00f2rums, xats, generadors de blogs, comentaris, xarxes socials o qualsevol altre mitj\u00e0 que permeti a tercers publicar continguts de manera independent en la p\u00e0gina web de Belloch Campus. No obstant aix\u00f2, i en compliment del que es disposa en els articles 11 i 16 de la LSSICE, es posa a la disposici\u00f3 de tots els usuaris, autoritats i forces de seguretat, col\u00b7laborant de manera activa en la retirada o, en el seu cas, bloqueig de tots aquells continguts que puguin afectar o contravenir la legislaci\u00f3 nacional o internacional, els drets de tercers o la moral i l&#8217;ordre p\u00fablic. En cas que consideris que existeix en la nostra web algun contingut que pogu\u00e9s ser susceptible d&#8217;aquesta classificaci\u00f3 escriu-nos a <a href=\"mailto:info@bellochcampus.com\">info@bellochcampus.com<\/a>.<\/p>\n<p>La nostra web ha estat revisada i provada perqu\u00e8 funcioni correctament. En principi, pot garantir-se el correcte funcionament els 365 dies de l&#8217;any, 24 hores al dia. No obstant aix\u00f2, no descartem la possibilitat que existeixin uns certs errors de programaci\u00f3, o que esdevinguin causes de for\u00e7a major, cat\u00e0strofes naturals, vagues o circumst\u00e0ncies semblants que facin impossible l&#8217;acc\u00e9s a la nostra p\u00e0gina web.<\/p>\n<h3 style=\"margin-top: 40px;\"><strong>5. Virus, pirateria i altres atacs inform\u00e0tics<\/strong><\/h3>\n<p>No has de realitzar un \u00fas indegut de la Plataforma mitjan\u00e7ant la introducci\u00f3 intencionada en la mateixa de virus, troians, cucs, bombes l\u00f2giques o qualsevol altre programa o material tecnol\u00f2gicament perjudicial o nociu. No tractar\u00e0s de tenir acc\u00e9s no autoritzat a la Plataforma, al servidor en qu\u00e8 aquesta p\u00e0gina es troba allotjada o a qualsevol servidor, ordinador o base de dades relacionada amb la Plataforma. Et compromets a no atacar la Plataforma a trav\u00e9s d&#8217;un atac de denegaci\u00f3 de servei o d&#8217;un atac de denegaci\u00f3 de servei distribu\u00eft. L&#8217;incompliment d&#8217;aquesta cl\u00e0usula podria portar aparellada la comissi\u00f3 d&#8217;infraccions tipificades per la normativa aplicable. Informarem de qualsevol incompliment d&#8217;aquesta normativa a les autoritats competents i cooperarem amb elles per a descobrir la identitat de l&#8217;atacant. Aix\u00ed mateix, en cas d&#8217;incompliment de la present cl\u00e0usula, deixar\u00e0 immediatament d&#8217;estar autoritzat a usar la Plataforma. No serem responsables de qualsevol mal o p\u00e8rdua resultant d&#8217;un atac de denegaci\u00f3 de servei, virus o qualsevol altre programa o material tecnol\u00f2gicament perjudicial o nociu que pugui afectar el teu ordinador, equip inform\u00e0tic, dades o materials a conseq\u00fc\u00e8ncia de l&#8217;\u00fas de la Plataforma o de la desc\u00e0rrega de continguts de la mateixa o als quals la mateixa redirigeixi.<\/p>\n<h3 style=\"margin-top: 40px;\"><strong>6. Exempci\u00f3 de responsabilitat<\/strong><\/h3>\n<p>Belloch Campus s&#8217;eximeix de qualsevol mena de responsabilitat derivada de la informaci\u00f3 publicada en la nostra web sempre que aquesta informaci\u00f3 hagi estat manipulada o introdu\u00efda per un tercer ali\u00e8 a l&#8217;organitzaci\u00f3<\/p>\n<h3 style=\"margin-top: 40px;\"><strong>7. Protecci\u00f3 de dades<\/strong><\/h3>\n<p>Pot accedir a la informaci\u00f3 detallada respecte del tractament de les dades personals que Belloch Campus du a terme dels usuaris visitant la nostra Pol\u00edtica de Privacitat.<\/p>\n<h3 style=\"margin-top: 40px;\"><strong>8. Llei aplicable i jurisdicci\u00f3<\/strong><\/h3>\n<p>Per a la resoluci\u00f3 de totes les controv\u00e8rsies o q\u00fcestions relacionades amb la web de Belloch Campus o de les activitats en ella desenvolupades, ser\u00e0 aplicable la legislaci\u00f3 espanyola, a la qual se sotmeten expressament les parts, sent competents per a la resoluci\u00f3 de tots els conflictes derivats o relacionats amb el seu \u00fas els Jutjats i Tribunals m\u00e9s pr\u00f2xims a LA ROCA DEL VALL\u00c8S.<\/p>\n","protected":false},"excerpt":{"rendered":"<p>El present document (juntament amb tots els documents en ell esmentats) estableix les condicions per les quals es regeix l&#8217;\u00fas d&#8217;aquesta p\u00e0gina web (www.bellochcampus.com) \u00a0(d&#8217;ara endavant, la \u201cweb\u201d o la \u201cPlataforma\u201d) que Belloch Campus posa a la disposici\u00f3 dels usuaris d&#8217;Internet. Et preguem que llegeixis atentament les presents Condicions, la nostra Pol\u00edtica de Cookies i [&hellip;]<\/p>\n","protected":false},"author":7,"featured_media":0,"parent":0,"menu_order":0,"comment_status":"closed","ping_status":"closed","template":"","meta":{"footnotes":""},"class_list":["post-2010","page","type-page","status-publish","hentry"],"yoast_head":"<!-- This site is optimized with the Yoast SEO plugin v24.8.1 - https:\/\/yoast.com\/wordpress\/plugins\/seo\/ -->\n<title>Av\u00eds legal | Belloch Campus<\/title>\n<meta name=\"description\" content=\"Belloch Campus, situado a s\u00f3lo 30 minutos de Barcelona, ofrece un espacio privilegiado para las reuniones corporativas.\" \/>\n<meta name=\"robots\" content=\"noindex, nofollow\" \/>\n<meta property=\"og:locale\" content=\"ca_ES\" \/>\n<meta property=\"og:type\" content=\"article\" \/>\n<meta property=\"og:title\" content=\"Av\u00eds legal | Belloch Campus\" \/>\n<meta property=\"og:description\" content=\"Belloch Campus, situado a s\u00f3lo 30 minutos de Barcelona, ofrece un espacio privilegiado para las reuniones corporativas.\" \/>\n<meta property=\"og:url\" content=\"https:\/\/www.bellochcampus.com\/ca\/avis-legal\/\" \/>\n<meta property=\"og:site_name\" content=\"Belloch Campus\" \/>\n<meta property=\"article:modified_time\" content=\"2022-05-02T12:46:07+00:00\" \/>\n<meta name=\"twitter:card\" content=\"summary_large_image\" \/>\n<meta name=\"twitter:label1\" content=\"Est. reading time\" \/>\n\t<meta name=\"twitter:data1\" content=\"6 minutes\" \/>\n<script type=\"application\/ld+json\" class=\"yoast-schema-graph\">{\"@context\":\"https:\/\/schema.org\",\"@graph\":[{\"@type\":\"WebPage\",\"@id\":\"https:\/\/www.bellochcampus.com\/ca\/avis-legal\/\",\"url\":\"https:\/\/www.bellochcampus.com\/ca\/avis-legal\/\",\"name\":\"Av\u00eds legal | Belloch Campus\",\"isPartOf\":{\"@id\":\"https:\/\/www.bellochcampus.com\/ca\/#website\"},\"datePublished\":\"2022-03-08T14:33:18+00:00\",\"dateModified\":\"2022-05-02T12:46:07+00:00\",\"description\":\"Belloch Campus, situado a s\u00f3lo 30 minutos de Barcelona, ofrece un espacio privilegiado para las reuniones corporativas.\",\"breadcrumb\":{\"@id\":\"https:\/\/www.bellochcampus.com\/ca\/avis-legal\/#breadcrumb\"},\"inLanguage\":\"ca\",\"potentialAction\":[{\"@type\":\"ReadAction\",\"target\":[\"https:\/\/www.bellochcampus.com\/ca\/avis-legal\/\"]}]},{\"@type\":\"BreadcrumbList\",\"@id\":\"https:\/\/www.bellochcampus.com\/ca\/avis-legal\/#breadcrumb\",\"itemListElement\":[{\"@type\":\"ListItem\",\"position\":1,\"name\":\"Home\",\"item\":\"https:\/\/www.bellochcampus.com\/ca\/\"},{\"@type\":\"ListItem\",\"position\":2,\"name\":\"Av\u00eds legal\"}]},{\"@type\":\"WebSite\",\"@id\":\"https:\/\/www.bellochcampus.com\/ca\/#website\",\"url\":\"https:\/\/www.bellochcampus.com\/ca\/\",\"name\":\"Belloch Campus\",\"description\":\"Descripci\u00f3n del sito\",\"publisher\":{\"@id\":\"https:\/\/www.bellochcampus.com\/ca\/#organization\"},\"potentialAction\":[{\"@type\":\"SearchAction\",\"target\":{\"@type\":\"EntryPoint\",\"urlTemplate\":\"https:\/\/www.bellochcampus.com\/ca\/?s={search_term_string}\"},\"query-input\":{\"@type\":\"PropertyValueSpecification\",\"valueRequired\":true,\"valueName\":\"search_term_string\"}}],\"inLanguage\":\"ca\"},{\"@type\":\"Organization\",\"@id\":\"https:\/\/www.bellochcampus.com\/ca\/#organization\",\"name\":\"Belloch Campus\",\"url\":\"https:\/\/www.bellochcampus.com\/ca\/\",\"logo\":{\"@type\":\"ImageObject\",\"inLanguage\":\"ca\",\"@id\":\"https:\/\/www.bellochcampus.com\/ca\/#\/schema\/logo\/image\/\",\"url\":\"https:\/\/www.bellochcampus.com\/wp-content\/uploads\/2022\/03\/cropped-logo-campus-belloch-n.png\",\"contentUrl\":\"https:\/\/www.bellochcampus.com\/wp-content\/uploads\/2022\/03\/cropped-logo-campus-belloch-n.png\",\"width\":337,\"height\":54,\"caption\":\"Belloch Campus\"},\"image\":{\"@id\":\"https:\/\/www.bellochcampus.com\/ca\/#\/schema\/logo\/image\/\"}}]}<\/script>\n<!-- \/ Yoast SEO plugin. -->","yoast_head_json":{"title":"Av\u00eds legal | Belloch Campus","description":"Belloch Campus, situado a s\u00f3lo 30 minutos de Barcelona, ofrece un espacio privilegiado para las reuniones corporativas.","robots":{"index":"noindex","follow":"nofollow"},"og_locale":"ca_ES","og_type":"article","og_title":"Av\u00eds legal | Belloch Campus","og_description":"Belloch Campus, situado a s\u00f3lo 30 minutos de Barcelona, ofrece un espacio privilegiado para las reuniones corporativas.","og_url":"https:\/\/www.bellochcampus.com\/ca\/avis-legal\/","og_site_name":"Belloch Campus","article_modified_time":"2022-05-02T12:46:07+00:00","twitter_card":"summary_large_image","twitter_misc":{"Est. reading time":"6 minutes"},"schema":{"@context":"https:\/\/schema.org","@graph":[{"@type":"WebPage","@id":"https:\/\/www.bellochcampus.com\/ca\/avis-legal\/","url":"https:\/\/www.bellochcampus.com\/ca\/avis-legal\/","name":"Av\u00eds legal | Belloch Campus","isPartOf":{"@id":"https:\/\/www.bellochcampus.com\/ca\/#website"},"datePublished":"2022-03-08T14:33:18+00:00","dateModified":"2022-05-02T12:46:07+00:00","description":"Belloch Campus, situado a s\u00f3lo 30 minutos de Barcelona, ofrece un espacio privilegiado para las reuniones corporativas.","breadcrumb":{"@id":"https:\/\/www.bellochcampus.com\/ca\/avis-legal\/#breadcrumb"},"inLanguage":"ca","potentialAction":[{"@type":"ReadAction","target":["https:\/\/www.bellochcampus.com\/ca\/avis-legal\/"]}]},{"@type":"BreadcrumbList","@id":"https:\/\/www.bellochcampus.com\/ca\/avis-legal\/#breadcrumb","itemListElement":[{"@type":"ListItem","position":1,"name":"Home","item":"https:\/\/www.bellochcampus.com\/ca\/"},{"@type":"ListItem","position":2,"name":"Av\u00eds legal"}]},{"@type":"WebSite","@id":"https:\/\/www.bellochcampus.com\/ca\/#website","url":"https:\/\/www.bellochcampus.com\/ca\/","name":"Belloch Campus","description":"Descripci\u00f3n del sito","publisher":{"@id":"https:\/\/www.bellochcampus.com\/ca\/#organization"},"potentialAction":[{"@type":"SearchAction","target":{"@type":"EntryPoint","urlTemplate":"https:\/\/www.bellochcampus.com\/ca\/?s={search_term_string}"},"query-input":{"@type":"PropertyValueSpecification","valueRequired":true,"valueName":"search_term_string"}}],"inLanguage":"ca"},{"@type":"Organization","@id":"https:\/\/www.bellochcampus.com\/ca\/#organization","name":"Belloch Campus","url":"https:\/\/www.bellochcampus.com\/ca\/","logo":{"@type":"ImageObject","inLanguage":"ca","@id":"https:\/\/www.bellochcampus.com\/ca\/#\/schema\/logo\/image\/","url":"https:\/\/www.bellochcampus.com\/wp-content\/uploads\/2022\/03\/cropped-logo-campus-belloch-n.png","contentUrl":"https:\/\/www.bellochcampus.com\/wp-content\/uploads\/2022\/03\/cropped-logo-campus-belloch-n.png","width":337,"height":54,"caption":"Belloch Campus"},"image":{"@id":"https:\/\/www.bellochcampus.com\/ca\/#\/schema\/logo\/image\/"}}]}},"_links":{"self":[{"href":"https:\/\/www.bellochcampus.com\/ca\/wp-json\/wp\/v2\/pages\/2010","targetHints":{"allow":["GET"]}}],"collection":[{"href":"https:\/\/www.bellochcampus.com\/ca\/wp-json\/wp\/v2\/pages"}],"about":[{"href":"https:\/\/www.bellochcampus.com\/ca\/wp-json\/wp\/v2\/types\/page"}],"author":[{"embeddable":true,"href":"https:\/\/www.bellochcampus.com\/ca\/wp-json\/wp\/v2\/users\/7"}],"replies":[{"embeddable":true,"href":"https:\/\/www.bellochcampus.com\/ca\/wp-json\/wp\/v2\/comments?post=2010"}],"version-history":[{"count":2,"href":"https:\/\/www.bellochcampus.com\/ca\/wp-json\/wp\/v2\/pages\/2010\/revisions"}],"predecessor-version":[{"id":2021,"href":"https:\/\/www.bellochcampus.com\/ca\/wp-json\/wp\/v2\/pages\/2010\/revisions\/2021"}],"wp:attachment":[{"href":"https:\/\/www.bellochcampus.com\/ca\/wp-json\/wp\/v2\/media?parent=2010"}],"curies":[{"name":"wp","href":"https:\/\/api.w.org\/{rel}","templated":true}]}}